{"id":4174,"date":"2016-08-30T10:02:29","date_gmt":"2016-08-30T10:02:29","guid":{"rendered":"http:\/\/www.jewishecoseminars.com\/spanish\/?page_id=4174"},"modified":"2016-08-31T01:07:31","modified_gmt":"2016-08-31T01:07:31","slug":"agua-apreciando-un-recurso-limitado","status":"publish","type":"page","link":"https:\/\/www.jewishecoseminars.com\/spanish\/agua-apreciando-un-recurso-limitado\/","title":{"rendered":"Agua: Apreciando un Recurso Limitado"},"content":{"rendered":"<h3>Por el\u00a0Rabino Yonatan Neril [1]<\/h3>\n<p>Los seres humanos dependen de un suministro de agua potable suficiente para su supervivencia. Debido a este dependencia necesaria, las fuentes jud\u00edas equiparan al agua con la vida. [2] \u00a0Reconociendo nuestra dependencia al agua, y en ultima instancia, nuestra dependencia a D-s, podemos fortalecer nuestra apreciaci\u00f3n y protecci\u00f3n de nuestros preciados recursos naturales, y tambi\u00e9n aprovechar los beneficios espirituales de una relaci\u00f3n fortalecida con el Creador del mundo<\/p>\n<p>Incluso antes de que los Israel\u00edes entraran a la tierra de Israel, el agua era central en su experiencia colectiva. En el desierto, la incertidumbre sobre los recursos h\u00eddricos inspiro numerosas quejas y lecciones para los jud\u00edos errantes. [3] El Talmud ense\u00f1a que en el merito de la canci\u00f3n de Miriam, un pozo apareci\u00f3 en el desierto el cual acompa\u00f1o a los jud\u00edos a donde fuera que iban (Tractate Ta\u2019anit 9a).[4] D-s nos dio esta fuente esencial, sin la cual no hubi\u00e9ramos podido vivir mas que un par de d\u00edas, en un desierto con escaza agua. Pero en el desierto la seguridad de la duraci\u00f3n de las fuentes nunca era cierta.<\/p>\n<p>Las experiencias b\u00edblicas sobre agua en el desierto pueden ser entendidas como un entrenamiento espiritual para cultivar la apreciaci\u00f3n por la bondad de D-s. A trav\u00e9s del proceso de la toma de agua, perderla y luego recibirla directamente por D-s, los que vagaban por el desierto ciertamente apreciaron el agua y a Aquel que se las provey\u00f3. \u00a0El Profeta Jeremias se refiere a D-s como la &#8216;Fuente de Aguas Vivas&#8217;, ya que el agua es uno de los principales medios por los cuales D-s le da vida a las personas\u00a0 (Jeremiah 2:12, 17:13). As\u00ed, al final de experiencia en el desierto de los jud\u00edos, cantaron una exultante canci\u00f3n sobre su apreciaci\u00f3n a D-s por el agua.(Numbers 21:17).<\/p>\n<p>En la Tierra de Israel antes de la \u00e9poca moderna, la abundancia o la escazes en las sociedades rurales estaban reguladas por la lluvia. Israel es un pa\u00eds semi-\u00e1rido sin grandes r\u00edos. recibe la mayor parte de las precipitaciones, con un promedio de menos de 100 mil\u00edmetros por a\u00f1o en el sur, y 1.128 mil\u00edmetros en el norte.[5] Hasta el siglo 20, la mayor parte de la agricultura de Israel era de secano y no por irrigacion; los granjeros depend\u00edan de las lluvias para poder comer y vivir. Esta inseguridad por el agua es un designio Divino [6], para ayudarnos a darnos cuenta D-s es el proveedor ultimo no solo de agua, sino de todas nuestras necesidades. [7]<\/p>\n<p>Los rezos y textos jud\u00edos refuerzan este mensaje y nos recuerdan lo que nuestros ancestros sab\u00edan sobre el agua. Nuestras oraciones y textos est\u00e1n llenos de agradecimientos por las lluvias, profundo reconocimiento de la importancia de agua, oraciones implorando a D-s que nos provea agua, y gratitud por las lluvias cuando llega. Por ejemplo. el Dr. Jeremy Benstein nota que el Hebreo B\u00edblico contiene al menos seis palabras diferentes para describir a la precipitaci\u00f3n (geshem, matar, yoreh, malkosh, revivim, se\u2019irim), las cuales marcan diferentes momentos e intensidades de las lluvias.[8]<\/p>\n<p>Hoy la industrializaci\u00f3n de la distribuci\u00f3n del agua ha aumentado su disponibilidad pero ha reducido nuestra apreciaci\u00f3n sobre su importancia. Generalmente no vemos donde se cultiva la comida, o la lluvia o irrigacion que riegan a los cultivos. \u00a0El agua viene directamente a nosotros a trav\u00e9s de los acueductos, reemplazando la necesidad de hacer fuentes de agua locales.<\/p>\n<p>Estas innovaciones nos han liberado de la carga de trasportar agua desde arroyos o cisternas a nuestros hogares. Sin embargo, nos han hecho olvidar de donde proviene el agua &#8211; psicol\u00f3gica y espiritualmente. Con esto hemos perdido la profunda experiencia del agua. Para muchos, esto es en parte una perdida espiritual: nos hace olvidar de nuestra dependencia a D-s para todas nuestras necesidades. Pero tambi\u00e9n tiene un impacto practico significativo porque cuando la apreciaci\u00f3n termina, comienza el mal uso.<\/p>\n<p>El mundo se enfrenta a una crisis de agua, experimentada especialmente para \u00c1frica, Asia del Sur y China \u2013 \u00a0La falta de suficiente agua potable esta reconocida y es la principal causa de muertes en el mundo. la Organizaci\u00f3n Mundial de la Salud reporto que cerca de 884 millones de personas en el mundo no tienen acceso a fuentes de agua potable [9]. En Estados Unidos, muchos pa\u00edses en el Oeste y Sureste Sureste experimentan una creciente escazes de agua, y con las agencias gubernamentales forzadas a regular su consumo o pedir por su conservaci\u00f3n. [10] En la Tierra de Israel, los principales acu\u00edferos y el Lago Kinneret han descendido por debajo de la linea roja y puesto en peligro la calidad del agua.[11]<\/p>\n<p>El agua corriente y \u00a0los campos irrigados nos dan una mala impresi\u00f3n de que la disponibilidad del agua es ilimitada. \u00a0Sin embargo, el agua apta para consumo es escasa en el planeta. [12] Estas tecnolog\u00edas no dejan en claro que el agua esta cada vez mas limitada debido a una variedad de factores, entre ellos el incremento en la demanda, cambio clim\u00e1tico y la contaminaci\u00f3n de los suministros de agua dulce. Puede la sociedad disfrutar simult\u00e1neamente del bombeado y agua corriente y usarla sabiamente?<\/p>\n<p>Para que el uso moderno del agua contin\u00fae por un largo tiempo, tendremos que desarrollar una conciencia mas profunda sobre ella. De ah\u00ed es de donde nuestras ense\u00f1anzas de 3000 a\u00f1os vienen. Esas ense\u00f1anzas sobre lluvia y agua pueden ense\u00f1arnos a cultivar una apreciaci\u00f3n por el agua, e inspirarnos cada dia a valorar y protejer nuestras fuentes &#8211; y todo lo que usamos.<\/p>\n<p>Rabbi Yonatan Neril fundo y dirige Jewish Eco Seminars, que une y educa a la comunidad jud\u00eda con sabidur\u00eda jud\u00eda medioambiental. Desde 2006, ha trabajado con\u00a0Canfei Nesharim en\u00a0el desarrollo de recursos educativos relacionados con el juda\u00edsmo y el medio ambiente.<\/p>\n<p><em>Este material fue producido como una parte del proyecto Jewcology. Jewcology.com es nuevo portal web para la comunidad\u00a0jud\u00eda\u00a0global sobre medio ambiente. Gracias a la comunidad de ROI por su generoso apoyo, que hizo posible\u00a0el proyecto Jewcology.<\/em><\/p>\n<h2>Notes:<\/h2>\n<p>[1] Evonne Marzouk contribuyo significativamente en el desarrollo de esta pieza.<br \/>\n[2] Avot of Rabbi Natan 34:10. Esta introduccion esta basado en Dr. Akiva Wolff\u2019s \u201cWater: A Sukkos Drash\u201d<br \/>\n[3]Ver, Por ejemplo, Numbers 20:3<br \/>\n[4] Ver tambien\u00a0Midrash Tanchuma Bamidbar 2. Cuando Miriam muere, el pozo se va\u00a0(ver Numbers 20:1-2)<br \/>\n[5] \u201cClima: Israel\u201d. U.S. Library of Congress. By comparison, New York City averages between 710 and 1140 millimeters of precipitation per year. Normals &amp; Extremes, Central Park, New York, 1869 to Present, National Weather Service Forecast Office, 01 April 2006.<br \/>\n[6] Por ejemplo, Rabbi Alex Israel ense\u00f1a con respecto a la lluvia en la Tierra de Israel: \u00abLa dependencia de la tierra de la monta\u00f1a hace un lugar dif\u00edcil para vivir. A lo largo del libro de G\u00e9nesis leemos de hambrunas peri\u00f3dicas en Cana\u00e1n. Israel esta destinado a vivir una vida dependiente de D-s. Este es legado de Israel, su reto hist\u00f3rico. La tierra de Israel es naturalmente insegura y es esa precisamente la raz\u00f3n por la cual estaba destinada para Israel\u00bb. Comentario a la Parshat Eikev, 5766, Originalmente subido en el sitio web de\u00a0Midreshet Lindenbaum, Jerusaslem.<br \/>\n[7] The Talmud ense\u00f1a que D-s d riega directamente la tierra de Israel y el resto del mundo es regado por un mensajero, como dice Job 5:10. Babylonian Talmud, Taanit 10a. Por lo tanto cuando \u00a0la lluvia es retenida en Israel, es por intervencion divina que se debe a las acciones de Israel, como deja en claro el segundo parrafo de Shema.<br \/>\n[8] \u201cIdioma olvidado de la lluvia\u00bb, \u00a0Jerusalem Report, Fall 2005<br \/>\n[9] The 2010 Report of the World Health Organization\/UNICEF Joint Monitoring Programme for Water Supply and Sanitation.<br \/>\n[10] Andrew Gumbel, \u201cThe wrath of 2007: America\u2019s great drought,\u201d The Independent (UK) June 11, 2007<br \/>\n[11] Summer 2008, from Israeli Ministry of the Environment, www.environment.gov.il and Adam Teva v\u2019Din, www.adamteva.org.il<br \/>\n[12] The Science Advisory Board of Canfei Nesharim writes: \u201cAunque el agua parezca abundante, la cantidad de agua apta para consumo no lo es. El 97.5 de toda el agua en la tierra es agua salada, dejando solamente el 2.5% de agua apta para consumo. Cerca del 70% de ese agua esta congelada en la Ant\u00e1rtida y Groenlandia. el resto se encuentra como humedad en el suelo, o en acu\u00edferos profundos no accesibles para uso humano. Menos del 1% del agua para consumo es accesible de forma directa. Esta se encuentra en lagos, r\u00edos, reservas, esas fuentes subterr\u00e1neas que son lo suficientemente profunda para ser aprovechados a un precio asequible. Esta cantidad se renueva peri\u00f3dicamente por la lluvia y las nevadas y por lo tanto esta disponible sobre una base sostenible. El agua, sin embargo, no esta equitativamente distribuida. De la peque\u00f1a cantidad de agua que pueden consumir los humanos, aproximadamente 20% esta en el Gran Largo de Norte America, lo que equivale al 84% del total del agua consumible de Estados Unidos), y otro 20% en el Largo de Rusia Baikal.\u00bb. Water, however, is not equally distributed. Of the very small amount of water that is usable by humans, approximately 20% is in the Great Lakes of North America (equal to 84% of all surface freshwater in the US, with another 20% in the Russian Lake Baikal.\u201d<\/p>\n","protected":false},"excerpt":{"rendered":"<p>Por el\u00a0Rabino Yonatan Neril [1] Los seres humanos dependen de un suministro de agua potable suficiente para su supervivencia. Debido a este dependencia necesaria, las fuentes jud\u00edas equiparan al agua con la vida. [2] \u00a0Reconociendo nuestra dependencia al agua, y&#8230;<\/p>\n","protected":false},"author":5,"featured_media":0,"parent":0,"menu_order":0,"comment_status":"closed","ping_status":"closed","template":"templates\/fullwidth.php","meta":{"ngg_post_thumbnail":0,"footnotes":""},"class_list":["post-4174","page","type-page","status-publish","hentry"],"aioseo_notices":[],"_links":{"self":[{"href":"https:\/\/www.jewishecoseminars.com\/spanish\/wp-json\/wp\/v2\/pages\/4174","targetHints":{"allow":["GET"]}}],"collection":[{"href":"https:\/\/www.jewishecoseminars.com\/spanish\/wp-json\/wp\/v2\/pages"}],"about":[{"href":"https:\/\/www.jewishecoseminars.com\/spanish\/wp-json\/wp\/v2\/types\/page"}],"author":[{"embeddable":true,"href":"https:\/\/www.jewishecoseminars.com\/spanish\/wp-json\/wp\/v2\/users\/5"}],"replies":[{"embeddable":true,"href":"https:\/\/www.jewishecoseminars.com\/spanish\/wp-json\/wp\/v2\/comments?post=4174"}],"version-history":[{"count":1,"href":"https:\/\/www.jewishecoseminars.com\/spanish\/wp-json\/wp\/v2\/pages\/4174\/revisions"}],"predecessor-version":[{"id":4175,"href":"https:\/\/www.jewishecoseminars.com\/spanish\/wp-json\/wp\/v2\/pages\/4174\/revisions\/4175"}],"wp:attachment":[{"href":"https:\/\/www.jewishecoseminars.com\/spanish\/wp-json\/wp\/v2\/media?parent=4174"}],"curies":[{"name":"wp","href":"https:\/\/api.w.org\/{rel}","templated":true}]}}