{"id":4182,"date":"2016-08-30T10:06:26","date_gmt":"2016-08-30T10:06:26","guid":{"rendered":"http:\/\/www.jewishecoseminars.com\/spanish\/?page_id=4182"},"modified":"2016-08-31T01:08:40","modified_gmt":"2016-08-31T01:08:40","slug":"aves-migratorias-en-israel","status":"publish","type":"page","link":"https:\/\/www.jewishecoseminars.com\/spanish\/aves-migratorias-en-israel\/","title":{"rendered":"Aves Migratorias en Israel"},"content":{"rendered":"<div style=\"text-align: justify;\"><a href=\"http:\/\/www.jewishecoseminars.com\/spanish\/birds-flying-over-mt-hermon\/\" rel=\"attachment wp-att-502\"><img decoding=\"async\" class=\"alignright wp-image-502 size-medium\" style=\"border-style: initial; border-color: initial;\" title=\"birds flying over mt hermon\" src=\"http:\/\/www.jewishecoseminars.com\/spanish\/wp-content\/uploads\/2011\/12\/birds-flying-over-mt-hermon-300x187.jpg\" alt=\"\" width=\"300\" height=\"187\" srcset=\"https:\/\/www.jewishecoseminars.com\/spanish\/wp-content\/uploads\/2011\/12\/birds-flying-over-mt-hermon-300x187.jpg 300w, https:\/\/www.jewishecoseminars.com\/spanish\/wp-content\/uploads\/2011\/12\/birds-flying-over-mt-hermon-1024x640.jpg 1024w, https:\/\/www.jewishecoseminars.com\/spanish\/wp-content\/uploads\/2011\/12\/birds-flying-over-mt-hermon-144x90.jpg 144w, https:\/\/www.jewishecoseminars.com\/spanish\/wp-content\/uploads\/2011\/12\/birds-flying-over-mt-hermon.jpg 1920w\" sizes=\"(max-width: 300px) 100vw, 300px\" \/><\/a>Tenga la experiencia de vivir una de las m\u00e1s grandes maravillas de la naturaleza de Israel con un viaje al norte del pa\u00eds, al Valle de Hula Explore la Reserva Natural del Valle de Hula y vea cientos de miles de especies de aves. Ellos representan una peque\u00f1a fracci\u00f3n de los 500 millones de aves que cruzan el espacio a\u00e9reo Israel\u00ed dos veces al a\u00f1o.<\/div>\n<div style=\"padding-top: 5px;\">\n<div style=\"padding-bottom: 15px; text-align: justify;\">\n<h3>Los participantes de este tour no solo ver\u00e1n la belleza y la vida silvestre que ofrece la Reserva Natural del Valle de Hula, sino tambi\u00e9n un pedazo de historia.<\/h3>\n<\/div>\n<div style=\"margin-top: 10px; text-align: justify;\">Lo que una vez fue un lugar donde aves migratorias descansaban en su camino<a href=\"http:\/\/www.jewishecoseminars.com\/spanish\/wp-content\/uploads\/2011\/12\/king-fisher-at-hula-valley.jpg\"><img decoding=\"async\" class=\"alignright size-medium wp-image-501\" src=\"http:\/\/www.jewishecoseminars.com\/spanish\/wp-content\/uploads\/2011\/12\/king-fisher-at-hula-valley-300x187.jpg\" alt=\"king fisher at hula valley\" width=\"300\" height=\"187\" srcset=\"https:\/\/www.jewishecoseminars.com\/spanish\/wp-content\/uploads\/2011\/12\/king-fisher-at-hula-valley-300x187.jpg 300w, https:\/\/www.jewishecoseminars.com\/spanish\/wp-content\/uploads\/2011\/12\/king-fisher-at-hula-valley-1024x640.jpg 1024w, https:\/\/www.jewishecoseminars.com\/spanish\/wp-content\/uploads\/2011\/12\/king-fisher-at-hula-valley-144x90.jpg 144w, https:\/\/www.jewishecoseminars.com\/spanish\/wp-content\/uploads\/2011\/12\/king-fisher-at-hula-valley.jpg 1920w\" sizes=\"(max-width: 300px) 100vw, 300px\" \/><\/a> anual de\u00a0Europa a \u00c1frica y\u00a0viceversa, es hoy una reserva gracias al trabajo arduo de cient\u00edficos y activistas ambientales. Este lago de 3,200-dunams es hogar de plantas acu\u00e1ticas inusuales. Tambi\u00e9n se pueden encontrar b\u00fafalos de agua pastoreando en las protegidas praderas abiertas.<\/div>\n<\/div>\n","protected":false},"excerpt":{"rendered":"<p>Tenga la experiencia de vivir una de las m\u00e1s grandes maravillas de la naturaleza de Israel con un viaje al norte del pa\u00eds, al Valle de Hula Explore la Reserva Natural del Valle de Hula y vea cientos de miles&#8230;<\/p>\n","protected":false},"author":5,"featured_media":0,"parent":0,"menu_order":0,"comment_status":"closed","ping_status":"closed","template":"templates\/fullwidth.php","meta":{"ngg_post_thumbnail":0,"footnotes":""},"class_list":["post-4182","page","type-page","status-publish","hentry"],"aioseo_notices":[],"_links":{"self":[{"href":"https:\/\/www.jewishecoseminars.com\/spanish\/wp-json\/wp\/v2\/pages\/4182","targetHints":{"allow":["GET"]}}],"collection":[{"href":"https:\/\/www.jewishecoseminars.com\/spanish\/wp-json\/wp\/v2\/pages"}],"about":[{"href":"https:\/\/www.jewishecoseminars.com\/spanish\/wp-json\/wp\/v2\/types\/page"}],"author":[{"embeddable":true,"href":"https:\/\/www.jewishecoseminars.com\/spanish\/wp-json\/wp\/v2\/users\/5"}],"replies":[{"embeddable":true,"href":"https:\/\/www.jewishecoseminars.com\/spanish\/wp-json\/wp\/v2\/comments?post=4182"}],"version-history":[{"count":2,"href":"https:\/\/www.jewishecoseminars.com\/spanish\/wp-json\/wp\/v2\/pages\/4182\/revisions"}],"predecessor-version":[{"id":4184,"href":"https:\/\/www.jewishecoseminars.com\/spanish\/wp-json\/wp\/v2\/pages\/4182\/revisions\/4184"}],"wp:attachment":[{"href":"https:\/\/www.jewishecoseminars.com\/spanish\/wp-json\/wp\/v2\/media?parent=4182"}],"curies":[{"name":"wp","href":"https:\/\/api.w.org\/{rel}","templated":true}]}}