{"id":4185,"date":"2016-08-30T10:07:34","date_gmt":"2016-08-30T10:07:34","guid":{"rendered":"http:\/\/www.jewishecoseminars.com\/spanish\/?page_id=4185"},"modified":"2016-08-31T01:08:53","modified_gmt":"2016-08-31T01:08:53","slug":"compasion-por-todas-las-criaturas","status":"publish","type":"page","link":"https:\/\/www.jewishecoseminars.com\/spanish\/compasion-por-todas-las-criaturas\/","title":{"rendered":"Compasi\u00f3n por Todas las Criaturas."},"content":{"rendered":"<h1>Tzaar Baalei Chaim: Compasi\u00f3n por Todas las Criaturas<\/h1>\n<p>La\u00a0Torah propugna la compasi\u00f3n hacia todos los animales y afirma la santidad de la vida. Estos valores est\u00e1n reflejados en las leyes que proh\u00edben la crueldad animal y la obligaci\u00f3n de los humanos de cuidar de los animales.<\/p>\n<h3>\u00a0Resumen:<\/h3>\n<p>Una regla basica de la etica judia es la emulacion de los caminos de D-s. Como dice el Talmud \u00abAsi como El es misericordioso, vosotros serais misericordiosos\u00bb (Tractate Sotah 14a). Por lo tanto, la compasi\u00f3n por todas las criaturas no es solo asunto de D-s, sino de cada uno de nosotros. \u00a0A dem\u00e1s, la tradici\u00f3n rabinica describe la misericordia de D-s por encima de todos los demas atributos divinos. As\u00ed, la compasi\u00f3n no debe ser \u00a0tomada como un buen rasgo entre otros, sino como centrar en el acercamiento a la vida judia.<\/p>\n<div>La benevolencia implica acci\u00f3n. Mas all\u00e1 de los sentimientos morales, los mandatos del judaismo,en sus leyes religiosas, ordenan bondad hacia los animales; proh\u00edbe su abuso, y obliga \u00a0sus due\u00f1os a preocuparse por su bienestar. En esta lecci\u00f3n exploramos las ense\u00f1anzas jud\u00edas sobre nuestra relacion con los animales, y las responsabilidades que conllevan estas lecciones.<\/div>\n<div><\/div>\n<div><\/div>\n<div>\n<h3>Aprenda mas sobre esto:<\/h3>\n<p>&nbsp;<\/p>\n<ul>\n<li><a title=\"Short Summary Article\" href=\"http:\/\/www.jewishecoseminars.com\/spanish\/compasion-por-todos-los-seres-vivos-articulo-resumido\/\">Articulo Corto<\/a><\/li>\n<li><a title=\"Longer Article for Deeper Study \" href=\"http:\/\/www.jewishecoseminars.com\/compassion-for-all-creatures-longer-article\/\">Articulo largo para un estudio mas profundo<\/a><\/li>\n<li><a title=\"Study Guide with Hebrew-English Sources and Discussion Questions\" href=\"http:\/\/www.jewishecoseminars.com\/wp-content\/uploads\/pdf\/Tzaar%20Baalei%20Chayim%20Study%20Guide%20with%20Hebrew-English%20Sources%20and%20Discussion%20Questions.pdf\" target=\"_blank\">Guia de estudio con fuentes en Hebreo e Ingles y preguntas de discucion<\/a>.\u00a0(PDF)<\/li>\n<\/ul>\n<\/div>\n<p>&#8211; Vea mas en: http:\/\/www.jewishecoseminars.com\/compassion-for-all-creatures\/<\/p>\n","protected":false},"excerpt":{"rendered":"<p>Tzaar Baalei Chaim: Compasi\u00f3n por Todas las Criaturas La\u00a0Torah propugna la compasi\u00f3n hacia todos los animales y afirma la santidad de la vida. Estos valores est\u00e1n reflejados en las leyes que proh\u00edben la crueldad animal y la obligaci\u00f3n de los&#8230;<\/p>\n","protected":false},"author":5,"featured_media":0,"parent":0,"menu_order":0,"comment_status":"closed","ping_status":"closed","template":"templates\/fullwidth.php","meta":{"ngg_post_thumbnail":0,"footnotes":""},"class_list":["post-4185","page","type-page","status-publish","hentry"],"aioseo_notices":[],"_links":{"self":[{"href":"https:\/\/www.jewishecoseminars.com\/spanish\/wp-json\/wp\/v2\/pages\/4185","targetHints":{"allow":["GET"]}}],"collection":[{"href":"https:\/\/www.jewishecoseminars.com\/spanish\/wp-json\/wp\/v2\/pages"}],"about":[{"href":"https:\/\/www.jewishecoseminars.com\/spanish\/wp-json\/wp\/v2\/types\/page"}],"author":[{"embeddable":true,"href":"https:\/\/www.jewishecoseminars.com\/spanish\/wp-json\/wp\/v2\/users\/5"}],"replies":[{"embeddable":true,"href":"https:\/\/www.jewishecoseminars.com\/spanish\/wp-json\/wp\/v2\/comments?post=4185"}],"version-history":[{"count":1,"href":"https:\/\/www.jewishecoseminars.com\/spanish\/wp-json\/wp\/v2\/pages\/4185\/revisions"}],"predecessor-version":[{"id":4186,"href":"https:\/\/www.jewishecoseminars.com\/spanish\/wp-json\/wp\/v2\/pages\/4185\/revisions\/4186"}],"wp:attachment":[{"href":"https:\/\/www.jewishecoseminars.com\/spanish\/wp-json\/wp\/v2\/media?parent=4185"}],"curies":[{"name":"wp","href":"https:\/\/api.w.org\/{rel}","templated":true}]}}