{"id":4187,"date":"2016-08-30T10:08:28","date_gmt":"2016-08-30T10:08:28","guid":{"rendered":"http:\/\/www.jewishecoseminars.com\/spanish\/?page_id=4187"},"modified":"2016-08-30T10:08:28","modified_gmt":"2016-08-30T10:08:28","slug":"compasion-por-todos-los-seres-vivos","status":"publish","type":"page","link":"https:\/\/www.jewishecoseminars.com\/spanish\/compasion-por-todos-los-seres-vivos\/","title":{"rendered":"Compasion por todos los seres vivos"},"content":{"rendered":"<p>Por el Rabino David Sears<\/p>\n<p>\u201cDios es bueno con todos, y su misericordia esta por encima de todas sus obras\u00bb (Psalms 145:9). Esta frase es la piedra angular de la actitud rabinica hacia el cuidado de los animales. La\u00a0Torah propugna la compasi\u00f3n hacia todos los animales y afirma la santidad de la vida. Estos valores est\u00e1n reflejados en las leyes que proh\u00edben la crueldad animal y la obligaci\u00f3n de los humanos de cuidar de los animales.<\/p>\n<p>Una regla basica de la etica judia es la emulacion de los caminos de D-s. Como dice el Talmud \u00abAsi como El es misericordioso, vosotros serais misericordiosos\u00bb (Tractate Sotah 14a). Por lo tanto, la compasi\u00f3n por todas las criaturas no es solo asunto de D-s, sino de cada uno de nosotros. \u00a0A dem\u00e1s, la tradici\u00f3n rabinica describe la misericordia de D-s por encima de todos los demas atributos divinos. As\u00ed, la compasi\u00f3n no debe ser \u00a0tomada como un buen rasgo entre otros, sino como centrar en el acercamiento a la vida judia.<\/p>\n<p>Como el Maharal de Praga (1512-1609) dijo, \u00abAmar a todas las criaturas es amar tamien a D-s; porque quien ama a D-s, ama todas las obras que ha hecho\u00bb.<\/p>\n<div>La benevolencia implica acci\u00f3n. Mas all\u00e1 de los sentimientos morales, los mandatos del judaismo,en sus leyes religiosas, ordenan bondad hacia los animales; proh\u00edbe su abuso, y obliga \u00a0sus due\u00f1os a preocuparse por su bienestar. En esta lecci\u00f3n exploramos las ense\u00f1anzas jud\u00edas sobre nuestra relacion con los animales, y las responsabilidades que conllevan estas lecciones.<\/div>\n<div><\/div>\n<div>Uno de los principales usos del hombre con los animales es para comida. Como una concesi\u00f3n al deseo de carne, La Torah permiti\u00f3 la matanza de animales a Noe y sus descendientes. Sin embargo, el permiso de matar animales para comer fue dado con un complejo de limitaciones, una parte importante de ellas es la preocupaci\u00f3n por el sufrimiento de aquellas criaturas que pierden su vida para nuestra beneficio. El manejo humanitario de los animales antes del sacrificio es requerido por la halakhah (Ley Jud\u00eda)<\/div>\n<div>Hoy en dia, en la industria de la comida,\u00a0el tratamiento de los animales antes de la masacre sigue siendo problematico. Hasta los ultimos tiempos, los animales pertenecientes a judios eran criados en granjas privadas, bajo condiciones relativamente humanas (aunque no hay duda que en habian algunas granjas que los tenian en malas condiciones, como ahora) El shochet (persona que mata al animal en ritual judio) era una figura familiar en su comunidad, trabajaba para cada cliente de forma individual, y probablemente sacrificaba animales grandes con poca frecuencia. En la sociedad moderna esto ha cambiado. Desde 1940 hemos presenciado \u00a0el ascenso de \u00a0granjas industriales, las cuales hoy producen carne por millones y aves para billones cada a\u00f1o para el consumo humano (para estadisticas detalladas basadas en cifras USDA, ver www.usda.gov). La comunidad judia ineludiblemente ha sido incluida en la lista dentro del sistema; no es comercialmente viable para los proveedores de carne kosher criar su propio ganado, y ninguno lo hace.<\/div>\n<p>La industria de la carne ha desarrollado sistemas para criar animales que han aumentado exponencialmente la produccion y beneficios. De acuerdo a los metodos de la ganaderia industrial, los animales son criados comunmente en lugares super poblados, ambientes artificiales en los cuales sus necesidades emocionales son ignoradas. En los Estados Unidos la Ley Federal de Protecci\u00f3n de los Animales no incluye a los animales criados para la alimentacion.,<\/p>\n<p>El difunto RabinoThe Aryeh Carmell de la Asociacion de Cientificos Ortodoxos de Gran Breta\u00f1a y miembro del Israel\u2019s D\u2019var Yerushalayim Yeshiva, escribio: \u201cParece dudoso &#8230; que la Torah sancionaria a la cria intensiva, que trata a los animales como maquinas, con aparente insensibilidad hacia sus instintos y necesidades naturales. Esta es una materia para decision de las autoridades de Halakhic\u00bb (Masterplan: Judaism It\u2019s Programs, Meanings, Goals (1991), p. 69).<\/p>\n<p>Sin embargo, hay granjas industriales que son la excepcion a la regla. \u00a0En la creencia que la matanza animal puede ser humana, la cientifico animal Dr. Temple Grandin de la Universidad del Estado de Colorado en particular ha sido pionera en mejorar las condiciones para el bienestar animal. la Dr. Grandin creo un conjunto de normas humanas bajo los auspicios del Instituto Americano de Carne. Muchos de esos stardards han sido tomados por granjas industriales, pero no est\u00e1n obligados por ley.<\/p>\n<p>Practicas inhumanas tienen un largo y oscuro pasado en la industria americana de comida; y la comunidad Judia no puede ser culpada por ello. Sin embargo, no debemos tolerar estas practicas, pensando que no hemos violado directamente la ley Judia. \u00a0El establecimiento de normas humanitarias superiores es un compromiso moral para los que nosotros, como participantes del sistema, debemos tomar responsabilidad. Hacer el cambio esta, sin duda, a nuestro alcance. La pregunta real es si a la gente le importa lo suficiente.<\/p>\n<p>El\u00a0Talmud (Tractate Berakhot 20b) establece que los judios son elogiados por su deseo de servir a dios mas alla de la letra de la ley. Esta expresion de devocion religiosa se ha aplicado a muchos preceptos en rituales; No deberias aplicarlos con igual diligencia a preceptos que afectan otros seres vivos? Comprometiendonos en actos de compasion, seremos dignos de la bendicion de nuestros sabios(Tractate Shabbat 151b): \u201cDios mostrara misericordia a aquelos que son \u00a0misericordiosos\u00bb.<\/p>\n<p>El Rabino Dovid Sears \u00a0es el autor de La Vision Del Eden: Cuidado Animal y Vegetarianismo en la Ley Judia y Misticismo (Orot 2003), entre otros trabajos. Es el Director del Centro Breslov de Nueva York, cuyo sitio web es\u00a0<a href=\"http:\/\/breslovcenter.blogspot.com\/\">http:\/\/breslovcenter.blogspot.com\/<\/a>\u00a0Ese articulo se ha escrito como parte del proyecto Jewcology, de www.jewcology.org<\/p>\n","protected":false},"excerpt":{"rendered":"<p>Por el Rabino David Sears \u201cDios es bueno con todos, y su misericordia esta por encima de todas sus obras\u00bb (Psalms 145:9). Esta frase es la piedra angular de la actitud rabinica hacia el cuidado de los animales. La\u00a0Torah propugna la compasi\u00f3n hacia todos los animales y afirma la santidad de la vida. Estos valores&#8230;<\/p>\n","protected":false},"author":5,"featured_media":0,"parent":0,"menu_order":0,"comment_status":"closed","ping_status":"closed","template":"templates\/fullwidth.php","meta":{"ngg_post_thumbnail":0,"_kadence_starter_templates_imported_post":false,"_kad_post_transparent":"","_kad_post_title":"","_kad_post_layout":"","_kad_post_sidebar_id":"","_kad_post_content_style":"","_kad_post_vertical_padding":"","_kad_post_feature":"","_kad_post_feature_position":"","_kad_post_header":false,"_kad_post_footer":false,"_kad_post_classname":"","footnotes":""},"class_list":["post-4187","page","type-page","status-publish","hentry"],"aioseo_notices":[],"_links":{"self":[{"href":"https:\/\/www.jewishecoseminars.com\/spanish\/wp-json\/wp\/v2\/pages\/4187","targetHints":{"allow":["GET"]}}],"collection":[{"href":"https:\/\/www.jewishecoseminars.com\/spanish\/wp-json\/wp\/v2\/pages"}],"about":[{"href":"https:\/\/www.jewishecoseminars.com\/spanish\/wp-json\/wp\/v2\/types\/page"}],"author":[{"embeddable":true,"href":"https:\/\/www.jewishecoseminars.com\/spanish\/wp-json\/wp\/v2\/users\/5"}],"replies":[{"embeddable":true,"href":"https:\/\/www.jewishecoseminars.com\/spanish\/wp-json\/wp\/v2\/comments?post=4187"}],"version-history":[{"count":1,"href":"https:\/\/www.jewishecoseminars.com\/spanish\/wp-json\/wp\/v2\/pages\/4187\/revisions"}],"predecessor-version":[{"id":4188,"href":"https:\/\/www.jewishecoseminars.com\/spanish\/wp-json\/wp\/v2\/pages\/4187\/revisions\/4188"}],"wp:attachment":[{"href":"https:\/\/www.jewishecoseminars.com\/spanish\/wp-json\/wp\/v2\/media?parent=4187"}],"curies":[{"name":"wp","href":"https:\/\/api.w.org\/{rel}","templated":true}]}}