{"id":4191,"date":"2016-08-30T10:11:28","date_gmt":"2016-08-30T10:11:28","guid":{"rendered":"http:\/\/www.jewishecoseminars.com\/spanish\/?page_id=4191"},"modified":"2026-02-09T17:25:45","modified_gmt":"2026-02-09T17:25:45","slug":"donativos","status":"publish","type":"page","link":"https:\/\/www.jewishecoseminars.com\/spanish\/donativos\/","title":{"rendered":"Donativos"},"content":{"rendered":"<h2>Jewish Eco Seminars necesita su ayuda\u2026<\/h2>\n<div>\n<p>Jewish Eco Seminars involucra y educa a la comunidad jud\u00eda a trav\u00e9s de seminarios inspiradores sobre la sabidur\u00eda jud\u00eda en relaci\u00f3n al medioambiente\u2026<\/p>\n<p>us$ 72 nos permite llegar a dos nuevas instituciones<\/p>\n<p>us$150 subvenciona un seminario de medio d\u00eda para 20 participantes<\/p>\n<p>us$300 subvenciona un seminario de d\u00eda completo para 20 participantes<\/p>\n<h2>Donar con cheque<\/h2>\n<p>Haga los cheques a nombre de \u201cFJC\u201d y env\u00edelo por correo a FJC, 225 West 39th Street, 12th Floor, New York, NY 10018. La l\u00ednea de nota debe decir \u201cThe Interfaith Center for Sustainable Development\u201d.<\/p>\n<p>Para donar desde Israel y obtener una donaci\u00f3n deducible de impuestos en Israel, escriba un cheque a nombre de \u201cThe Interfaith Center for Sustainable Development\u201d y env\u00edelo por correo a P.O. Box 1691, Jerusalem, 9101602, o cont\u00e1ctenos para realizar una transferencia bancaria.<\/p>\n<h2>Haga una donaci\u00f3n deducible de impuestos en l\u00ednea<\/h2>\n<p>Haga clic en el bot\u00f3n naranja \u00abDonar\u00bb debajo de este texto para donar mediante tarjeta de d\u00e9bito o cr\u00e9dito:<\/p>\n<p><a href=\"https:\/\/fjc.givingfuel.com\/interfaith-center-for-sustainable-development\" target=\"_blank\"><img decoding=\"async\" class=\"alignleft wp-image-4597 size-full\" title=\"Donate\" src=\"https:\/\/www.jewishecoseminars.com\/spanish\/wp-content\/uploads\/2026\/02\/btn_donate_LG.gif\" alt=\"donate button\" width=\"92\" height=\"26\"><\/a><\/p>\n<p>&nbsp;<\/p>\n<form style=\"margin-top: -20px; margin-bottom: 20px;\" action=\"https:\/\/www.paypal.com\/donate\" method=\"post\" target=\"_top\"><input name=\"hosted_button_id\" type=\"hidden\" value=\"ARS86QY839EN2\"><img decoding=\"async\" src=\"https:\/\/www.paypal.com\/en_US\/i\/scr\/pixel.gif\" alt=\"\" width=\"1\" height=\"1\" border=\"0\"><\/form>\n<p>Donaciones mediante transferencia bancaria, valores revalorizados o criptomonedas<\/p>\n<p>Si desea realizar una donaci\u00f3n mediante transferencia bancaria, valores revalorizados o criptomonedas, <a href=\"https:\/\/www.jewishecoseminars.com\/spanish\/contacto\/\">comun\u00edquese con Yonatan Neril<\/a>, director ejecutivo.<\/p>\n<p><strong> Gracias por su apoyo.<\/strong><\/p>\n<\/div>\n","protected":false},"excerpt":{"rendered":"<p>Jewish Eco Seminars necesita su ayuda\u2026 Jewish Eco Seminars involucra y educa a la comunidad jud\u00eda a trav\u00e9s de seminarios inspiradores sobre la sabidur\u00eda jud\u00eda en relaci\u00f3n al medioambiente\u2026 us$ 72 nos permite llegar a dos nuevas instituciones us$150 subvenciona&#8230;<\/p>\n","protected":false},"author":5,"featured_media":0,"parent":0,"menu_order":0,"comment_status":"closed","ping_status":"closed","template":"templates\/fullwidth.php","meta":{"ngg_post_thumbnail":0,"footnotes":""},"class_list":["post-4191","page","type-page","status-publish","hentry"],"aioseo_notices":[],"_links":{"self":[{"href":"https:\/\/www.jewishecoseminars.com\/spanish\/wp-json\/wp\/v2\/pages\/4191","targetHints":{"allow":["GET"]}}],"collection":[{"href":"https:\/\/www.jewishecoseminars.com\/spanish\/wp-json\/wp\/v2\/pages"}],"about":[{"href":"https:\/\/www.jewishecoseminars.com\/spanish\/wp-json\/wp\/v2\/types\/page"}],"author":[{"embeddable":true,"href":"https:\/\/www.jewishecoseminars.com\/spanish\/wp-json\/wp\/v2\/users\/5"}],"replies":[{"embeddable":true,"href":"https:\/\/www.jewishecoseminars.com\/spanish\/wp-json\/wp\/v2\/comments?post=4191"}],"version-history":[{"count":14,"href":"https:\/\/www.jewishecoseminars.com\/spanish\/wp-json\/wp\/v2\/pages\/4191\/revisions"}],"predecessor-version":[{"id":4599,"href":"https:\/\/www.jewishecoseminars.com\/spanish\/wp-json\/wp\/v2\/pages\/4191\/revisions\/4599"}],"wp:attachment":[{"href":"https:\/\/www.jewishecoseminars.com\/spanish\/wp-json\/wp\/v2\/media?parent=4191"}],"curies":[{"name":"wp","href":"https:\/\/api.w.org\/{rel}","templated":true}]}}