{"id":4199,"date":"2016-08-30T10:19:05","date_gmt":"2016-08-30T10:19:05","guid":{"rendered":"http:\/\/www.jewishecoseminars.com\/spanish\/?page_id=4199"},"modified":"2018-08-11T15:22:44","modified_gmt":"2018-08-11T15:22:44","slug":"el-desierto-en-israel","status":"publish","type":"page","link":"https:\/\/www.jewishecoseminars.com\/spanish\/el-desierto-en-israel\/","title":{"rendered":"El Desierto en Israel"},"content":{"rendered":"<p style=\"text-align: justify;\"><a href=\"http:\/\/www.jewishecoseminars.com\/spanish\/wp-content\/uploads\/2011\/12\/free_israel_photos_places_zin_6401.jpg\"><img decoding=\"async\" class=\"alignright size-medium wp-image-161\" src=\"http:\/\/www.jewishecoseminars.com\/spanish\/wp-content\/uploads\/2011\/12\/free_israel_photos_places_zin_6401-300x225.jpg\" alt=\"free_israel_photos_places_zin_6401\" width=\"300\" height=\"225\" srcset=\"https:\/\/www.jewishecoseminars.com\/spanish\/wp-content\/uploads\/2011\/12\/free_israel_photos_places_zin_6401-300x225.jpg 300w, https:\/\/www.jewishecoseminars.com\/spanish\/wp-content\/uploads\/2011\/12\/free_israel_photos_places_zin_6401-120x90.jpg 120w, https:\/\/www.jewishecoseminars.com\/spanish\/wp-content\/uploads\/2011\/12\/free_israel_photos_places_zin_6401.jpg 640w\" sizes=\"(max-width: 300px) 100vw, 300px\" \/><\/a>Refuerce sus energ\u00edas escapando de la civilizaci\u00f3n por un corto tiempo, y experimente el silencio del alma del desierto a trav\u00e9s de una caminata guiada y otras actividades. Luego, lleve el asombro del desierto a la civilizaci\u00f3n con el aprendizaje de los valores que la Biblia indica que el desierto ofrece a las sociedades humanas.<\/p>\n<p style=\"text-align: justify;\">\u00a1Reciba al desierto Israel\u00ed como nunca antes! Su gu\u00eda, Yisrael Chevroni, compartir\u00e1 poes\u00edas originales, comentarios y textos sobre la narrativa del \u00c9xodo. Explore creativa y experimentalmente el mensaje espiritual del desierto. Su viaje y experiencia se construir\u00e1 a partir de la geograf\u00eda natural de la ruta elegida para el grupo.<\/p>\n<p style=\"text-align: justify;\">\n<a href=\"http:\/\/www.jewishecoseminars.com\/spanish\/wp-content\/uploads\/2011\/12\/100_1481.jpg\"><\/a>Un tour opcional de varios d\u00edas incluye una visita a Shuva, un moshav cerca de Qiryat Malachi. Despu\u00e9s de experimentar el silencio del alma del desierto el grupo regresara <img decoding=\"async\" class=\"alignright size-medium wp-image-160\" src=\"http:\/\/www.jewishecoseminars.com\/spanish\/wp-content\/uploads\/2011\/12\/100_1481-300x225.jpg\" alt=\"100_1481\" width=\"300\" height=\"225\" srcset=\"https:\/\/www.jewishecoseminars.com\/spanish\/wp-content\/uploads\/2011\/12\/100_1481-300x225.jpg 300w, https:\/\/www.jewishecoseminars.com\/spanish\/wp-content\/uploads\/2011\/12\/100_1481-1024x767.jpg 1024w, https:\/\/www.jewishecoseminars.com\/spanish\/wp-content\/uploads\/2011\/12\/100_1481-119x90.jpg 119w\" sizes=\"(max-width: 300px) 100vw, 300px\" \/>al moshav para participar en talleres que conectan la experiencia del desierto con su vida diaria. Los participantes tomaran parte en actividades de construcci\u00f3n ecol\u00f3gica y formaci\u00f3n de comunidades que los desafiara a conectar el impresionante desierto con los valores de las relaciones humanas y con el medio ambiente.<\/p>\n<h2 style=\"text-align: justify;\">\u00a1\u00danase a nosotros en esta experiencia \u00fanica y especial de Israel!<\/h2>\n<p style=\"text-align: justify;\">\n<p style=\"text-align: justify;\"><strong>Duraci\u00f3n:<\/strong><\/p>\n<p style=\"text-align: justify;\">Usted ser\u00e1 recibido en su hotel por nuestro personal a las 7:00 a.m. con desayuno preparado para usted, dispuesto a participar en los retos que ofrece el desierto de Israel, llegando al Negev a las 9:00 am para una breve introducci\u00f3n a las actividades del d\u00eda. Desde las 10:30 am hasta las 5:00 pm usted experimentar\u00e1 el desierto, incluyendo un almuerzo tipo picnic. Nuestro gu\u00eda lo regresara al hotel a las 10:00 pm<\/p>\n<p style=\"text-align: justify;\"><em>Tambi\u00e9n ofrecemos tours de varios d\u00edas o por semana(s)<\/em><\/p>\n<p style=\"text-align: justify;\">\n<p style=\"text-align: justify;\">\n<p style=\"text-align: justify;\">Fotos \u00a9 2011 Joshua Schaffer<\/p>\n","protected":false},"excerpt":{"rendered":"<p>Refuerce sus energ\u00edas escapando de la civilizaci\u00f3n por un corto tiempo, y experimente el silencio del alma del desierto a trav\u00e9s de una caminata guiada y otras actividades. Luego, lleve el asombro del desierto a la civilizaci\u00f3n con el aprendizaje&#8230;<\/p>\n","protected":false},"author":5,"featured_media":0,"parent":0,"menu_order":0,"comment_status":"closed","ping_status":"closed","template":"templates\/fullwidth.php","meta":{"ngg_post_thumbnail":0,"footnotes":""},"class_list":["post-4199","page","type-page","status-publish","hentry"],"aioseo_notices":[],"_links":{"self":[{"href":"https:\/\/www.jewishecoseminars.com\/spanish\/wp-json\/wp\/v2\/pages\/4199","targetHints":{"allow":["GET"]}}],"collection":[{"href":"https:\/\/www.jewishecoseminars.com\/spanish\/wp-json\/wp\/v2\/pages"}],"about":[{"href":"https:\/\/www.jewishecoseminars.com\/spanish\/wp-json\/wp\/v2\/types\/page"}],"author":[{"embeddable":true,"href":"https:\/\/www.jewishecoseminars.com\/spanish\/wp-json\/wp\/v2\/users\/5"}],"replies":[{"embeddable":true,"href":"https:\/\/www.jewishecoseminars.com\/spanish\/wp-json\/wp\/v2\/comments?post=4199"}],"version-history":[{"count":4,"href":"https:\/\/www.jewishecoseminars.com\/spanish\/wp-json\/wp\/v2\/pages\/4199\/revisions"}],"predecessor-version":[{"id":4428,"href":"https:\/\/www.jewishecoseminars.com\/spanish\/wp-json\/wp\/v2\/pages\/4199\/revisions\/4428"}],"wp:attachment":[{"href":"https:\/\/www.jewishecoseminars.com\/spanish\/wp-json\/wp\/v2\/media?parent=4199"}],"curies":[{"name":"wp","href":"https:\/\/api.w.org\/{rel}","templated":true}]}}