{"id":4201,"date":"2016-08-30T10:20:29","date_gmt":"2016-08-30T10:20:29","guid":{"rendered":"http:\/\/www.jewishecoseminars.com\/spanish\/?page_id=4201"},"modified":"2018-08-11T15:53:19","modified_gmt":"2018-08-11T15:53:19","slug":"el-valle-de-cedron","status":"publish","type":"page","link":"https:\/\/www.jewishecoseminars.com\/spanish\/el-valle-de-cedron\/","title":{"rendered":"El Valle de Cedr\u00f3n"},"content":{"rendered":"<h1>El Valle de Cedr\u00f3n \u2013 Pasado, presente y futuro.<\/h1>\n<h1><img decoding=\"async\" class=\"alignright size-full wp-image-1276\" src=\"http:\/\/www.ecoisraeltours.com\/spanish\/wp-content\/uploads\/2016\/01\/kidron-3.jpg\" sizes=\"(max-width: 275px) 100vw, 275px\" srcset=\"http:\/\/www.ecoisraeltours.com\/spanish\/wp-content\/uploads\/2016\/01\/kidron-3-135x90.jpg 135w, http:\/\/www.ecoisraeltours.com\/spanish\/wp-content\/uploads\/2016\/01\/kidron-3.jpg 275w\" alt=\"kidron-3\" width=\"275\" height=\"183\"><\/h1>\n<p>El Valle de Cedr\u00f3n empieza en la parte norte de Jerusalem y llega hasta el lado este de la Ciudad Vieja, separando el monte del Templo del Monte de los Olivos, hasta continuar a trav\u00e9s del desierto de Judea&nbsp;y se conecta con el Mar muerto. A lo largo de la historia, este r\u00edo fue considerado como&nbsp;el limite geogr\u00e1fico y municipal de&nbsp;Jerusalem, por ello se establecieron&nbsp;antiguos cementerios&nbsp; en sus afueras que eran consideradas como fuera de la ciudad.&nbsp;A trav\u00e9s del tiempo, diferentes religiones se asentaron en este r\u00edo, cuyas rutas conducen hasta los Montes Zion, Moriah y de los Olivos.&nbsp;Por ello, este r\u00edo envuelve una gran riqueza cultural e hist\u00f3rica a trav\u00e9s de su belleza geogr\u00e1fica<\/p>\n<p><img decoding=\"async\" class=\"alignright wp-image-1277\" src=\"http:\/\/www.ecoisraeltours.com\/spanish\/wp-content\/uploads\/2016\/01\/view_from_mount_scopus_campus.jpg\" sizes=\"(max-width: 275px) 100vw, 275px\" srcset=\"http:\/\/www.ecoisraeltours.com\/spanish\/wp-content\/uploads\/2016\/01\/view_from_mount_scopus_campus-300x200.jpg 300w, http:\/\/www.ecoisraeltours.com\/spanish\/wp-content\/uploads\/2016\/01\/view_from_mount_scopus_campus-135x90.jpg 135w, http:\/\/www.ecoisraeltours.com\/spanish\/wp-content\/uploads\/2016\/01\/view_from_mount_scopus_campus.jpg 579w\" alt=\"view_from_mount_scopus_campus\" width=\"275\" height=\"183\">A pesar de su importante historia, en d\u00e9cadas recientes, el valle de Cedr\u00f3n es considerado uno de los r\u00edos m\u00e1s&nbsp;contaminados del pa\u00eds como resultado del agua residual que fluye&nbsp;hacia el desde los barrios del norte y este de Jerusalem.&nbsp;A demas, debido a varias disputas pol\u00edticas acerca de&nbsp;Jerusalem, hubieron obst\u00e1culos para&nbsp;construir un centro de tratamiento en su ruta, el cual esta bajo un debate internacional.<\/p>\n<p>Por lo tanto, este tour investigar\u00e1 la historia del medio ambiente del valle de Cedr\u00f3n hasta la actualidad. El tour&nbsp;comenzara observando el valle desde el Monte Scopus, continuar\u00e1 con una charla sobre su historia y el trasfondo religioso al pie del Monte de los Olivos y terminar\u00e1 con una caminata a lo largo del r\u00edo hacia el norte, mientras se habla sobre su contaminaci\u00f3n.<\/p>\n<p><img decoding=\"async\" class=\"alignright size-full wp-image-1293\" src=\"http:\/\/www.ecoisraeltours.com\/spanish\/wp-content\/uploads\/2016\/01\/valle-275.jpg\" alt=\"valle-275\" width=\"275\" height=\"409\">En&nbsp;la ultima parte del tour se presentaran varios proyectos ambientales sobre el valle de Cedr\u00f3n y se hablara si su futuro sera una expresi\u00f3n del conflicto en curso o servir\u00e1 como un puente de di\u00e1logo religioso y la cooperaci\u00f3n por el bien del medio ambiente.<br \/>\nEs altamente recomendable terminar este tour con un panel interreligioso que estar\u00e1 compuesto por representantes&nbsp;de las tres religiones de Jerusalem que trataran la conexi\u00f3n entre fe y el medio ambiente&nbsp;. Por otra parte, es opcional a\u00f1adir un voluntariado&nbsp;ecol\u00f3gico en uno de los jardines de la comunidad a lo largo del valle de Cedr\u00f3n.<\/p>\n","protected":false},"excerpt":{"rendered":"<p>El Valle de Cedr\u00f3n \u2013 Pasado, presente y futuro. El Valle de Cedr\u00f3n empieza en la parte norte de Jerusalem y llega hasta el lado este de la Ciudad Vieja, separando el monte del Templo del Monte de los Olivos,&#8230;<\/p>\n","protected":false},"author":5,"featured_media":0,"parent":0,"menu_order":0,"comment_status":"closed","ping_status":"closed","template":"templates\/fullwidth.php","meta":{"ngg_post_thumbnail":0,"footnotes":""},"class_list":["post-4201","page","type-page","status-publish","hentry"],"aioseo_notices":[],"_links":{"self":[{"href":"https:\/\/www.jewishecoseminars.com\/spanish\/wp-json\/wp\/v2\/pages\/4201","targetHints":{"allow":["GET"]}}],"collection":[{"href":"https:\/\/www.jewishecoseminars.com\/spanish\/wp-json\/wp\/v2\/pages"}],"about":[{"href":"https:\/\/www.jewishecoseminars.com\/spanish\/wp-json\/wp\/v2\/types\/page"}],"author":[{"embeddable":true,"href":"https:\/\/www.jewishecoseminars.com\/spanish\/wp-json\/wp\/v2\/users\/5"}],"replies":[{"embeddable":true,"href":"https:\/\/www.jewishecoseminars.com\/spanish\/wp-json\/wp\/v2\/comments?post=4201"}],"version-history":[{"count":3,"href":"https:\/\/www.jewishecoseminars.com\/spanish\/wp-json\/wp\/v2\/pages\/4201\/revisions"}],"predecessor-version":[{"id":4443,"href":"https:\/\/www.jewishecoseminars.com\/spanish\/wp-json\/wp\/v2\/pages\/4201\/revisions\/4443"}],"wp:attachment":[{"href":"https:\/\/www.jewishecoseminars.com\/spanish\/wp-json\/wp\/v2\/media?parent=4201"}],"curies":[{"name":"wp","href":"https:\/\/api.w.org\/{rel}","templated":true}]}}