{"id":4203,"date":"2016-08-30T10:22:17","date_gmt":"2016-08-30T10:22:17","guid":{"rendered":"http:\/\/www.jewishecoseminars.com\/spanish\/?page_id=4203"},"modified":"2016-08-31T01:10:17","modified_gmt":"2016-08-31T01:10:17","slug":"elementos","status":"publish","type":"page","link":"https:\/\/www.jewishecoseminars.com\/spanish\/elementos\/","title":{"rendered":"Elementos"},"content":{"rendered":"<h4><span style=\"color: #000000;\">Visita Interactiva al Sitio<\/span><\/h4>\n<p style=\"text-align: justify;\"><span style=\"color: #000000;\">Desde la sede de una compa\u00f1\u00eda lider en autos el\u00e9ctricos, hasta una granja org\u00e1nica o un vertedero de basura convertido en un parquet y en un centro de educaci\u00f3n medioambiental, las visitas a los sitios le dar\u00e1n a su grupo una visi\u00f3n sobre las sorprendentes innovaciones que se desarrollan aqu\u00ed y ahora, en Israel. Elegimos los sitios basados en su recurso interactivo para proveer a los participantes de una experiencia realmente atractiva.<\/span><\/p>\n<h4 style=\"text-align: justify;\"><span style=\"color: #000000;\">Encuentro con el Sitio&#8211;&#8216;Arrem\u00e1ngate-Las-Mangas&#8217;<\/span><\/h4>\n<p style=\"text-align: justify;\"><span style=\"color: #000000;\">Entrar en acci\u00f3n, al participar en trabajo en terreno. Las opciones incluyen la participaci\u00f3n en construcci\u00f3n de alternativa, como la construcci\u00f3n de casa de barro y varias actividades en una granja sustentable, tales como sembrar or aprender a construir una estructura de compostaje.<\/span><\/p>\n<h4 style=\"text-align: justify;\"><span style=\"color: #000000;\">Caminata<br \/>\n<\/span><\/h4>\n<p style=\"text-align: justify;\"><span style=\"color: #000000;\">\u00a1Conoce la tierra con tus pies! Estar al aire libre, en el paisaje natural de Israel, es una de las mejores formas de conectarnos con nosotros mismos y nuestra tierra de origen. Una caminata puede ser larga o corta en cualquiera de los distintos paisajes ecol\u00f3gicos que Israel tiene para ofrecer.<br \/>\n<\/span><\/p>\n<h4 style=\"text-align: justify;\"><span style=\"color: #000000;\">Sesi\u00f3n Enfocada en el Estudio de Textos<\/span><\/h4>\n<p style=\"text-align: justify;\"><span style=\"color: #000000;\">Los textos jud\u00edos son nuestra conexi\u00f3n con la historia y tradici\u00f3n del pueblo jud\u00edo. Por medio de la exploraci\u00f3n de textos jud\u00edos y generales que se relacionan con La Tierra De Israel y los problemas ecol\u00f3gicos actuales, las personas pueden profundizar un aspecto de su juda\u00edsmo previamente inexplorado. Si bien todos los programas de Israel Eco-Day incorporan estudio de textos, una sesi\u00f3n enfocada en el estudio la permitir\u00e1 a su grupo profundizar en la sabidur\u00eda de las fuentes, permitiendo una discusi\u00f3n animada y debate.<\/span><\/p>\n<p>&nbsp;<\/p>\n<h4 style=\"text-align: justify;\"><span style=\"color: #000000;\">Voluntariado<\/span><\/h4>\n<p style=\"text-align: justify;\"><span style=\"color: #000000;\"><img decoding=\"async\" class=\"alignright\" src=\"http:\/\/www.jewishecoseminars.com\/spanish\/wp-content\/uploads\/2011\/05\/partners-300x225.jpg\" alt=\"\" width=\"300\" height=\"225\" \/>Donar nuestro tiempo con alegr\u00eda, en aras de algo m\u00e1s grande o simplemente para ayudar a nuestro pr\u00f3jimo, es una parte importante de la vida jud\u00eda. A trav\u00e9s del voluntariado, su grupo se puede conectar de forma pr\u00e1ctica a un tema particular, y conocer individuos que trabajan en estas importantes \u00e1reas, brindando a los participantes otra perspectiva de la situaci\u00f3n.<\/span><\/p>\n<h4 style=\"text-align: justify;\"><span style=\"color: #000000;\">Actividades Experienciales o Grupales en la Naturaleza<\/span><\/h4>\n<p style=\"text-align: justify;\"><span style=\"color: #000000;\">La naturaleza proporciona un entorno facilitador para el crecimiento personal y social. Estas actividades ayudan a construir las relaciones interpersonales dentro de su grupo, y profundizan la experiencia de cada persona sobre la jornada.<\/span><\/p>\n<div style=\"padding-top: 20px; text-align: justify;\"><\/div>\n","protected":false},"excerpt":{"rendered":"<p>Visita Interactiva al Sitio Desde la sede de una compa\u00f1\u00eda lider en autos el\u00e9ctricos, hasta una granja org\u00e1nica o un vertedero de basura convertido en un parquet y en un centro de educaci\u00f3n medioambiental, las visitas a los sitios le&#8230;<\/p>\n","protected":false},"author":5,"featured_media":0,"parent":0,"menu_order":0,"comment_status":"closed","ping_status":"closed","template":"templates\/fullwidth.php","meta":{"ngg_post_thumbnail":0,"footnotes":""},"class_list":["post-4203","page","type-page","status-publish","hentry"],"aioseo_notices":[],"_links":{"self":[{"href":"https:\/\/www.jewishecoseminars.com\/spanish\/wp-json\/wp\/v2\/pages\/4203","targetHints":{"allow":["GET"]}}],"collection":[{"href":"https:\/\/www.jewishecoseminars.com\/spanish\/wp-json\/wp\/v2\/pages"}],"about":[{"href":"https:\/\/www.jewishecoseminars.com\/spanish\/wp-json\/wp\/v2\/types\/page"}],"author":[{"embeddable":true,"href":"https:\/\/www.jewishecoseminars.com\/spanish\/wp-json\/wp\/v2\/users\/5"}],"replies":[{"embeddable":true,"href":"https:\/\/www.jewishecoseminars.com\/spanish\/wp-json\/wp\/v2\/comments?post=4203"}],"version-history":[{"count":1,"href":"https:\/\/www.jewishecoseminars.com\/spanish\/wp-json\/wp\/v2\/pages\/4203\/revisions"}],"predecessor-version":[{"id":4204,"href":"https:\/\/www.jewishecoseminars.com\/spanish\/wp-json\/wp\/v2\/pages\/4203\/revisions\/4204"}],"wp:attachment":[{"href":"https:\/\/www.jewishecoseminars.com\/spanish\/wp-json\/wp\/v2\/media?parent=4203"}],"curies":[{"name":"wp","href":"https:\/\/api.w.org\/{rel}","templated":true}]}}