{"id":4207,"date":"2016-08-30T10:24:48","date_gmt":"2016-08-30T10:24:48","guid":{"rendered":"http:\/\/www.jewishecoseminars.com\/spanish\/?page_id=4207"},"modified":"2018-03-04T03:47:35","modified_gmt":"2018-03-04T03:47:35","slug":"fuentes-y-articulos","status":"publish","type":"page","link":"https:\/\/www.jewishecoseminars.com\/spanish\/fuentes-y-articulos\/","title":{"rendered":"Fuentes y Articulos"},"content":{"rendered":"<p style=\"text-align: justify;\"><strong>Articulos sobre Judaismo y el Medio Ambiente<\/strong><\/p>\n<ul style=\"text-align: justify;\">\n<li><a href=\"http:\/\/www.jewishecoseminars.com\/spanish\/el-paradigma-de-la-custodia-en-la-seccion-de-bereshit-genesis-de-la-tora\/\" rel=\"noopener\">El paradigma de la custodia en la secci\u00f3n de&nbsp;<i>Bereshit<\/i><span style=\"font-size: large;\">\/G\u00e9nesis de la Tor\u00e1<\/span><\/a><\/li>\n<li><a href=\"http:\/\/www.jewishecoseminars.com\/spanish\/arboles-tora-y-cuidado-de-la-tierra\/\">Arboles Tora y Cuidado de La Tierra<\/a>&nbsp; &nbsp;<span style=\"color: #000000;\"><span style=\"color: #000000;\">\u00abLos \u00e1rboles son tan importantes <a href=\"http:\/\/www.jewishecoseminars.com\/spanish\/wp-content\/uploads\/2012\/11\/consumo-de-agua.jpg\" rel=\"attachment wp-att-3996\"><img decoding=\"async\" class=\"alignright size-full wp-image-3996\" src=\"http:\/\/www.jewishecoseminars.com\/spanish\/wp-content\/uploads\/2012\/11\/consumo-de-agua.jpg\" alt=\"consumo-de-agua\" width=\"259\" height=\"194\" srcset=\"https:\/\/www.jewishecoseminars.com\/spanish\/wp-content\/uploads\/2012\/11\/consumo-de-agua.jpg 259w, https:\/\/www.jewishecoseminars.com\/spanish\/wp-content\/uploads\/2012\/11\/consumo-de-agua-120x90.jpg 120w\" sizes=\"(max-width: 259px) 100vw, 259px\" \/><\/a>para las personas que son comparados a los seres humanos, es decir, la destrucci\u00f3n de los \u00e1rboles destruye la vida humana,&nbsp;ya que podr\u00eda destruir las vidas que dependen de ellos.\u00bb.<\/span><\/span><\/li>\n<li style=\"text-align: justify;\"><a href=\"http:\/\/www.jewishecoseminars.com\/spanish\/intro-al-judaismo-y-el-medio-ambiente\/\">Intro al Judaismo y el medio ambiente<\/a>&nbsp;<span style=\"color: #000000;\">\u00abEstos&nbsp;preceptos del juda\u00edsmo- el a\u00f1o sab\u00e1tico, las leyes agr\u00edcolas, no destruir, y el tratamiento humanitario a los animales- est\u00e1n profundamente vinculados con el medio ambiente\u00bb.<\/span><\/li>\n<li style=\"text-align: justify;\"><a href=\"http:\/\/www.jewishecoseminars.com\/spanish\/compasion-por-todas-las-criaturas\/\">Compasi\u00f3n por todas las Criaturas<\/a>: \u00abLa compasi\u00f3n por todas las criaturas no es solo asunto de D-s, sino de cada uno de nosotros\u00bb.<\/li>\n<li style=\"text-align: justify;\"><a href=\"http:\/\/www.jewishecoseminars.com\/spanish\/ser-un-buen-vecino\/\">Ser un buen pr\u00f3jimo<\/a>&nbsp; &nbsp;\u00bb En el pensamiento jud\u00edo, habitar significa ser pr\u00f3jimo.\u00bb<\/li>\n<li style=\"text-align: justify;\"><a href=\"http:\/\/www.jewishecoseminars.com\/spanish\/somos-lo-que-comemos\/\">Somos lo que comemos<\/a>:&nbsp;Un Enfoque Judio sobre &nbsp;Alimentos y Sustentabilidad.<\/li>\n<li style=\"text-align: justify;\"><a href=\"http:\/\/www.jewishecoseminars.com\/spanish\/la-gloria-en-la-creacion-valorando-la-biodiversidad\/\">La Gloria en la Creaci\u00f3n<\/a><a href=\"http:\/\/www.jewishecoseminars.com\/spanish\/la-gloria-de-la-creacion-valorando-la-biodiversidad\/\">:<\/a> Valorando la Biodiversidad (articulo corto)<\/li>\n<li><a href=\"http:\/\/www.jewishecoseminars.com\/spanish\/la-gloria-de-la-creacion-valorando-la-biodiversidad\/\">La gloria de la creaci\u00f3n:<\/a> Valorando la biodiversidad (articulo largo)<img decoding=\"async\" class=\"alignright size-full wp-image-4400\" src=\"http:\/\/www.jewishecoseminars.com\/spanish\/wp-content\/uploads\/2018\/03\/Napa-Valley.jpg\" alt=\"\" width=\"259\" height=\"194\"><\/li>\n<li style=\"text-align: justify;\"><a href=\"http:\/\/www.jewishecoseminars.com\/spanish\/agua-apreciando-un-recurso-limitado\/\">Agua:<\/a> Apreciando un Recurso Limitado.&nbsp;<span style=\"color: #000000;\">\u00abDonde la apreciaci\u00f3n termina, el mal uso comienza\u00bb.<\/span><\/li>\n<li style=\"text-align: justify;\"><a href=\"http:\/\/www.jewishecoseminars.com\/spanish\/hacia-un-uso-de-energia-mas-racional\/\">Hacia Un Uso de Energ\u00eda Mas Racional:<\/a> \u00abEl consumo de energ\u00eda puede causar una serie de serios problemas tales como la contaminaci\u00f3n del aire, cambio clim\u00e1tico y mercurio en los peces. Un estudio muestra la relaci\u00f3n que hay entre la contaminacion del aire y las muertes prematuras debido a c\u00e1ncer de pulm\u00f3n.\u00bb<\/li>\n<li><a href=\"http:\/\/www.jewishecoseminars.com\/spanish\/rezando-por-un-mundo-sustentable\/\" rel=\"noopener\">Rezando por un mundo sustentable<\/a>: \u00abLas oraciones jud\u00edas tambi\u00e9n nos ayudan a recordar y apreciar la belleza y consistencia de la naturaleza, y cuanto dependemos de ella y su Creador\u00bb.<\/li>\n<li><a href=\"http:\/\/www.jewishecoseminars.com\/spanish\/sustentabilidad-plantando-para-el-largo-plazo\/\">Sustentabilidad:<\/a> Plantando para el largo plazo<\/li>\n<li>\n<p style=\"font-weight: 400;\"><a href=\"http:\/\/www.jewishecoseminars.com\/spanish\/las-raizes-espirituales-de-la-crisis-medioambiental\/\">Las Ra\u00edzes Espirituales De La Crisis Medioambiental<\/a><\/p>\n<\/li>\n<\/ul>\n<p style=\"text-align: justify;\"><strong>Apuntes de Fuentes sobre Judaismo y el Medio Ambiente<\/strong><\/p>\n<ul style=\"text-align: justify;\">\n<li style=\"text-align: justify;\"><span style=\"color: #000000;\"><a href=\"http:\/\/www.jewishecoseminars.com\/spanish\/judaismo-el-medio-ambiente-y-desarollo-sustentable\/\">Judaismo, e<\/a><a href=\"http:\/\/www.jewishecoseminars.com\/spanish\/wp-content\/uploads\/2012\/11\/Medio_ambiente_de_nuestro_pais.jpg\" rel=\"attachment wp-att-3997\"><img decoding=\"async\" class=\"alignright wp-image-3997 size-full\" src=\"http:\/\/www.jewishecoseminars.com\/spanish\/wp-content\/uploads\/2012\/11\/Medio_ambiente_de_nuestro_pais.jpg\" alt=\"Medio_ambiente_de_nuestro_pais\" width=\"259\" height=\"197\"><\/a><a href=\"http:\/\/www.jewishecoseminars.com\/spanish\/judaismo-el-medio-ambiente-y-desarollo-sustentable\/\">l Medio Ambiente, y Desarollo Sustentable<\/a>&nbsp; &nbsp;\u00abY Habl\u00f3 D\u2019s a Mosh\u00e9 en el Monte Sinai diciendo: Habla a los hijos de Israel y habr\u00e1s de decirles: Cuando entr\u00e9is a la tierra que Yo os doy a vosotros, habr\u00e1 de descansar la tierra, descanso ante Hashem\u00bb.<\/span><\/li>\n<li style=\"text-align: justify;\"><a href=\"http:\/\/www.jewishecoseminars.com\/spanish\/apunte-de-fuentes-agua\/\">Apunte de Fuentes Agua<\/a>&nbsp; &nbsp;<span style=\"color: #000000;\">\u00abD-s riega la tierra de Israel \u00c9l Mismo, y el resto del mundo a trav\u00e9s de un mensajero, como dice, \u201cQuien da la lluvia sobre la faz de la tierra y env\u00eda agua sobre la faz de los lugares externos\u201d<\/span><\/li>\n<li style=\"text-align: justify;\"><a href=\"http:\/\/www.jewishecoseminars.com\/spanish\/apunte-de-fuentes-intro-al-judaismo-y-el-medio-ambiente\/\">Apunte de Fuentes Intro al Judaismo y el medio ambiente<\/a>&nbsp; <span style=\"color: #000000;\">\u00abY Habl\u00f3 D\u2019s a Mosh\u00e9 en el Monte Sinai diciendo: Habla a los hijos de Israel y habr\u00e1s de decirles: Cuando entr\u00e9is a la tierra que Yo os doy a vosotros, habr\u00e1 de descansar la tierra, descanso ante Hashem\u00bb<\/span><\/li>\n<\/ul>\n<p style=\"text-align: justify;\">&nbsp;<\/p>\n<p style=\"text-align: justify;\"><strong><img decoding=\"async\" class=\"alignright size-full wp-image-4403\" src=\"http:\/\/www.jewishecoseminars.com\/spanish\/wp-content\/uploads\/2018\/03\/Zion-National-Park-Utah.jpg\" alt=\"\" width=\"259\" height=\"193\"><\/strong><\/p>\n<p style=\"text-align: justify;\"><strong>Plan de Estudios&nbsp;sobre Judaismo y el Medio Ambiente<\/strong><\/p>\n<ul style=\"text-align: justify;\">\n<li><a href=\"http:\/\/www.jewishecoseminars.com\/spanish\/plan-de-estudios-enfocando-la-sostenibilidad-ambiental-desde-el-judaismo\/\">Enfocando la Sostenibilidad Ambiental desde el Juda\u00edsmo<\/a>&nbsp; \u00ab<span style=\"color: #000000;\">Objetivos: &#8211;&nbsp;Explorar ense\u00f1anzas de la tradici\u00f3n jud\u00eda en sostenibilidad ambiental en relaci\u00f3n con el Jerusal\u00e9n e Israel contempor\u00e1neos;&nbsp;Aprender acerca de asuntos ecol\u00f3gicos modernos en Jerusal\u00e9n e Israel que se vinculen con las ense\u00f1anzas jud\u00edas.\u00bb<\/span><\/li>\n<\/ul>\n","protected":false},"excerpt":{"rendered":"<p>Articulos sobre Judaismo y el Medio Ambiente El paradigma de la custodia en la secci\u00f3n de&nbsp;Bereshit\/G\u00e9nesis de la Tor\u00e1 Arboles Tora y Cuidado de La Tierra&nbsp; &nbsp;\u00abLos \u00e1rboles son tan importantes para las personas que son comparados a los seres&#8230;<\/p>\n","protected":false},"author":5,"featured_media":0,"parent":0,"menu_order":0,"comment_status":"closed","ping_status":"closed","template":"templates\/fullwidth.php","meta":{"ngg_post_thumbnail":0,"footnotes":""},"class_list":["post-4207","page","type-page","status-publish","hentry"],"aioseo_notices":[],"_links":{"self":[{"href":"https:\/\/www.jewishecoseminars.com\/spanish\/wp-json\/wp\/v2\/pages\/4207","targetHints":{"allow":["GET"]}}],"collection":[{"href":"https:\/\/www.jewishecoseminars.com\/spanish\/wp-json\/wp\/v2\/pages"}],"about":[{"href":"https:\/\/www.jewishecoseminars.com\/spanish\/wp-json\/wp\/v2\/types\/page"}],"author":[{"embeddable":true,"href":"https:\/\/www.jewishecoseminars.com\/spanish\/wp-json\/wp\/v2\/users\/5"}],"replies":[{"embeddable":true,"href":"https:\/\/www.jewishecoseminars.com\/spanish\/wp-json\/wp\/v2\/comments?post=4207"}],"version-history":[{"count":32,"href":"https:\/\/www.jewishecoseminars.com\/spanish\/wp-json\/wp\/v2\/pages\/4207\/revisions"}],"predecessor-version":[{"id":4399,"href":"https:\/\/www.jewishecoseminars.com\/spanish\/wp-json\/wp\/v2\/pages\/4207\/revisions\/4399"}],"wp:attachment":[{"href":"https:\/\/www.jewishecoseminars.com\/spanish\/wp-json\/wp\/v2\/media?parent=4207"}],"curies":[{"name":"wp","href":"https:\/\/api.w.org\/{rel}","templated":true}]}}