{"id":4217,"date":"2016-08-30T10:32:12","date_gmt":"2016-08-30T10:32:12","guid":{"rendered":"http:\/\/www.jewishecoseminars.com\/spanish\/?page_id=4217"},"modified":"2016-08-31T01:11:58","modified_gmt":"2016-08-31T01:11:58","slug":"la-gloria-en-la-creacion-valorando-la-biodiversidad","status":"publish","type":"page","link":"https:\/\/www.jewishecoseminars.com\/spanish\/la-gloria-en-la-creacion-valorando-la-biodiversidad\/","title":{"rendered":"La Gloria en la Creacion: Valorando la Biodiversidad"},"content":{"rendered":"<h3>Por el Rabbi Shaul David Judelman<\/h3>\n<p>De acuerdo con el sabio \u00a0del Talmud Rav, \u00abDe todas las cosas que el Sagrado, bendito sea, creo en este mundo, nada fue creado sin un prop\u00f3sito\u00bb.<a href=\"http:\/\/www.jewishecoseminars.com\/the-glory-in-creation-valuing-biodiversitysummery-article\/#1\">[1]<\/a>\u00a0Todas las criaturas, desde los humanos, un rat\u00f3n, r\u00edos, arena, son vistos como una manifestaci\u00f3n de la sabidur\u00eda y gloria de D-s.<a href=\"http:\/\/www.jewishecoseminars.com\/the-glory-in-creation-valuing-biodiversitysummery-article\/#2\">[2]<\/a> Como Jefe el Rabino Jonathan Sacks ense\u00f1a, \u00abla unidad de D-s se encuentra en la diversidad de la creaci\u00f3n\u201d<a href=\"http:\/\/www.jewishecoseminars.com\/the-glory-in-creation-valuing-biodiversitysummery-article\/#3\">[3]<\/a><\/p>\n<p>Vivimos en un mundo maravillosamente diverso, con aproximadamente 8.3 millones de especies \u00fanicas descriptas por cient\u00edficos, y casi dos veces mas que ese numero de especies que aun no hemos descubierto. Las fuentes jud\u00edas ense\u00f1an que D-s ha puesto alegr\u00eda en la diversidad y continuaci\u00f3n de la creaci\u00f3n, y ese D-s ve un prop\u00f3sito en cada una de las especies. <a href=\"http:\/\/www.jewishecoseminars.com\/the-glory-in-creation-valuing-biodiversitysummery-article\/#4\">[4]<\/a>\u00a0La biodiversidad es una expresi\u00f3n de la gloria de D-s, un testimonio de la extraordinaria creatividad de nuestro Creador<\/p>\n<p>Al comienxo del Genesis, la Torah describe al dominio humano sobre todas las cosas. Estos versos han demostrado ser profundamente premonitorios. Hoy, el desarrollo humano moderno de la teconologia ha demostrado este dominio en una mayor medida. El metal en nuestras computadoras, los componentes organicos en nuestras medicinas e incluso el papel en nuestras manos son todos ejemplos de nuestro dominio sobre el mundo.<\/p>\n<p>Pero, a dem\u00e1s de ser usados por los seres humanos, cada especia tambi\u00e9n tiene un prop\u00f3sito divino. Por ejemplo, el Midrash (traici\u00f3n oral), ense\u00f1a: \u00abIncluso las cosas que parecen ser superfluas en este mundo, como las moscas, pulgas y mosquitos llevan consigo la \u00a0voluntad del Sagrado! Incluso la serpiente, el mosquito, y las ranas!\u00bb<a href=\"http:\/\/www.jewishecoseminars.com\/the-glory-in-creation-valuing-biodiversitysummery-article\/#5\">[5]<\/a><\/p>\n<p>La tradici\u00f3n jud\u00eda es rica en fuentes que indican la importancia que D-s puso en la continuidad de las especies, desde la prohibici\u00f3n \u00a0de mezclar especies (kilayim) al requisito de alejar a la madre p\u00e1jaro antes de tomar sus huevos (shiluach haken).<a href=\"http:\/\/www.jewishecoseminars.com\/the-glory-in-creation-valuing-biodiversitysummery-article\/#7\">[7]<\/a>\u00a0El Ramban entiende que \u00a0la \u00abpersistencia de la existencia\u00bb de la creaci\u00f3n es una raz\u00f3n clave de porque D-s \u00a0la considero \u00abperfecta\u00bb al sexto dia.<a href=\"http:\/\/www.jewishecoseminars.com\/the-glory-in-creation-valuing-biodiversitysummery-article\/#8\">[8]<\/a>\u00a0En el Talmud, el Rabbi Hanina bar Papa explica un verso sobre la gran alegr\u00eda de Dios con la creaci\u00f3n como derivada del hecho que cualquier simple especie busca asegurar su supervivencia gen\u00e9tica. (Tractate Chullin 60a).<\/p>\n<p>En nuestros tiempos, el accionar humano esta llevando a una tremenda reduccion de la biodiversidad. Segun el Segundo \u00a0Outlook Global de la Biodiversidad (GBO-2) del Programa Ambiental de las Naciones Unidas, \u00abactualmente somos responsables de la sexta mayor extinci\u00f3n en la historia de la Tierra, y la mas grande desde que los dinosaurios desaparecieron, hace 65 millones de a\u00f1os.\u00bb<a href=\"http:\/\/www.jewishecoseminars.com\/the-glory-in-creation-valuing-biodiversitysummery-article\/#9\">[9]<\/a>\u00a0El Tercer\u00a0Outlook Global de la Biodiversidad (GBO-3, el cual rastrea 3,000 especies), reporto que los anfibios se est\u00e1n \u00abdeteriorando\u00bb en su estado, y cerca del 25% de las especies de plantas se estiman que est\u00e1n en peligro de extincion. El reporte muestra que entre 1970 y 2006, las especies de vertebrados salvajes se redujeron a un promedio de 31% a nivel mundial,\u00a0\u00a0con un descenso \u00abespecialmente severo en las zonas tropicales (59%) y en los ecosistemas de agua dulce (41%).\u201d <a href=\"http:\/\/www.jewishecoseminars.com\/the-glory-in-creation-valuing-biodiversitysummery-article\/#10\">[10]<\/a><\/p>\n<p>El Tercer\u00a0Outlook Global de la Biodiversidad , que tuvo lugar en 2012, reconoci\u00f3 el fracaso de los gobiernos para alcanzar su meta en 2010 para proteger la biodiversidad . El reporte advierte que \u00abhay un alto riesgo de una perdida dram\u00e1tica de biodiversidad acompa\u00f1ada de la degradaci\u00f3n de una gran parte de los servicios del ecosistema si este es empujado mas all\u00e1 de ciertos limites y puntos de inflexi\u00f3n.\u00bb <a href=\"http:\/\/www.jewishecoseminars.com\/the-glory-in-creation-valuing-biodiversitysummery-article\/#11\">[11]<\/a><\/p>\n<p>El bienestar humano depende de los servicios dados por un ecosistema sano y bio-diverso. El efecto de la perdida de biodiversidad y la perturbaci\u00f3n desproporcionadamente impacta sobre zonas rurales, quienes dependen directamente de la biodiversidad para sus necesidades b\u00e1sicas en una alta proporci\u00f3n.<a href=\"http:\/\/www.jewishecoseminars.com\/the-glory-in-creation-valuing-biodiversitysummery-article\/#12\">[12]<\/a>\u00a0Pero la perdida de la biodiversidad sera sentida tambi\u00e9n por los humanos en otras maneras, ya que dependemos de plantas y animales para comida y medicina.<\/p>\n<p>Cerca de 100 compa\u00f1ias farmaceuticas y varias ramas del gobierno de los Estados Unidos, incluyendo gigantes como Merck y el Instituto Nacional contra el C\u00e1ncer, participan en proyectos de investigaci\u00f3n de plantas para posibles drogas y curas de enfermedades. A partir de 1993, el 25% de los productos farmac\u00e9uticos orientales eran derivados de ingredientes naturales. Sin embargo, menos del 1% de esos arboles y plantas tropicales han sido testeados por cientificos.<a href=\"http:\/\/www.jewishecoseminars.com\/the-glory-in-creation-valuing-biodiversitysummery-article\/#13\">[13]<\/a>\u00a0Mientras esas especies desaparezcan, la oportunidad de encontrar la cura a enfermedades desaparece con ellas.<\/p>\n<p>Tu puedes hacer una diferencia para proteger la diversidad de especies. Primero, haz preguntas acerca de donde vienen tus productos de madera. En Am\u00e9rica, busca el sello del Consejo del Manejo forestal. Sino lo ves, pregunta!\u00a0<a href=\"http:\/\/www.jewishecoseminars.com\/the-glory-in-creation-valuing-biodiversitysummery-article\/#14\">[14]<\/a>\u00a0Si comes pescado, usa el Monterrey Bay Aquarium\u2019s Seafood Watch para tomar decisiones mas informadas.<a href=\"http:\/\/www.jewishecoseminars.com\/the-glory-in-creation-valuing-biodiversitysummery-article\/#15\">[15]<\/a>\u00a0Finalmente, no compres productos hechos con la piel, pelaje, huesos, caparazones, picos o pesu\u00f1as de especies en peligro de extincion.<a href=\"http:\/\/www.jewishecoseminars.com\/the-glory-in-creation-valuing-biodiversitysummery-article\/#16\">[16]<\/a><\/p>\n<p>En este articulo hemos aprendido acerca de la intenci\u00f3n de D-s detr\u00e1s de la diversidad de especies en la creaci\u00f3n, y las posibles medicinas, puntos de vista y especies que aun no han sido conocidas. Imitar los atributos de D-s es un valor jud\u00edo central, y deberos imitar la preocupaci\u00f3n de D-s por la diversidad de Su Creaci\u00f3n. <a href=\"http:\/\/www.jewishecoseminars.com\/the-glory-in-creation-valuing-biodiversitysummery-article\/#17\">[17]<\/a><\/p>\n<p>Podemos empezar una mejor preservaci\u00f3n, observando y aprendiendo las incre\u00edbles criaturas que viven en nuestro entorno. Imitemos al Creador con nuestra apreciaci\u00f3n de toda la creaci\u00f3n, y actuemos ahora proteger la biodiversidad para nosotros y para nuestros semejantes.<\/p>\n<p>Criado en Seattle, Washington, Shaul Judelman vino a Israel despues de completar un BA en la Universidad de Pitzer y recibir la ordenaci\u00f3n rabinica en la Yeshiva Bat Ayin. Fundo y dirigio el Eco-Activismo Beit Midrash desde 2005 hasta 2011 y participo en Halichot Olam, un hal\u00e1jico de reflexi\u00f3n sobre cuestiones ambientales. Hoy es el director de JiVE! &#8211; Voluntarios por el Medio Ambiente en Jerusalem-, una iniciativa de Teva Ivri y vive con su familia en Gush Etzion.<\/p>\n<p>Este material fue producido como una parte del proyecto Jewcology.\u00a0<a>Jewcology.com es una nueva pagina web para la comunidad judia sobre medio ambiente en todo el mundo. Gracias a <\/a><a href=\"http:\/\/www.roicommunity.org\/\">ROI community<\/a>\u00a0por su generoso apoyo, que hizo del proyecto Jewcology posible.<\/p>\n<p><a name=\"1\"><\/a>[1] Babylonian Talmud, Tractate Shabbat 77b<\/p>\n<p><a name=\"2\"><\/a>[2] Ver Bereishit Raba 10:7<\/p>\n<p><a name=\"3\"><\/a>[3] La dignidad de la diferencia, Continuum: New York, 2003, p..53. Rabbi Sacks es Jefe de \u00a0Rabbi of the United Hebrew Congregations of the Commonwealth, selected by the United Synagogue in Britain.<\/p>\n<p><a name=\"4\"><\/a>[4] Esta cifra no cuenta los millones de potenciales especies bacterianas. Ver \u00abN\u00famero de especies en la Tierra etiquetada en 8,7 millones de d\u00f3lares,\u00bb de Lee Sweetlove, 08\/23\/11, Nature News, basado en un estudio publicado en PLoS Biology, en l\u00ednea en\u00a0<a href=\"http:\/\/www.nature.com\/news\/2011\/110823\/full\/news.2011.498.html\">http:\/\/www.nature.com\/news\/2011\/110823\/full\/news.2011.498.html<\/a><\/p>\n<p><a name=\"5\"><\/a>[5] Bereishit Raba 10:7<\/p>\n<p><a name=\"6\"><\/a>[6] Leviticus 19:19<\/p>\n<p><a name=\"7\"><\/a>[7] Ver comentarios de Ramban y Abarbanel a Deuteronomy 22:6.<\/p>\n<p><a name=\"8\"><\/a>[8] Ramban to Genesis 1:11 El Ramban tiene un pinto similar en su comentario al \u00a0Genesis 1:4 y 1:31.<\/p>\n<p><a name=\"9\"><\/a>[9] Ibid.<\/p>\n<p><a name=\"10\"><\/a>[10] Ibid. La Organizacion de Alimentos y Agricultura (FAO) estima que el 19% de las poblaciones de peces marinos estan sobreexplotadas,\u00a08% est\u00e1n agotadas o recuper\u00e1ndose del agotamiento, mientras que m\u00e1s de la mitad est\u00e1n totalmente explotadas.<\/p>\n<p><a name=\"11\"><\/a>[11] Secretariat of the Convention on Biological Diversity (2012) Global Biodiversity Outlook 3. Montreal, 95 + vii pages, online at <a href=\"http:\/\/www.cbd.int\/gbo3\/?pub=6667&amp;section=6729\"><br \/>\nhttp:\/\/www.cbd.int\/gbo3\/?pub=6667&amp;section=6729<\/a><\/p>\n<p><a name=\"12\"><\/a>[12] Ibid.<\/p>\n<p><a name=\"13\"><\/a>[13] De\u00a0James A. Duke. \u201cPlantas medicinales y la industria farmaceutica\u201d p. 664-669. In: J. Janick and J.E. Simon (eds.), New Crops. Wiley, New York, 1993, online at <a href=\"http:\/\/www.hort.purdue.edu\/newcrop\/proceedings1993\/v2-664.html\">http:\/\/www.hort.purdue.edu\/newcrop\/proceedings1993\/v2-664.html<\/a><\/p>\n<p><a name=\"14\"><\/a>[14] Ver:\u00a0<a href=\"http:\/\/us.fsc.org\/\">http:\/\/us.fsc.org\/<\/a><\/p>\n<p><a name=\"15\"><\/a>[15] The Seafood Watch esta disponible en:\u00a0<a href=\"http:\/\/www.montereybayaquarium.org\/cr\/seafoodwatch.aspx\">http:\/\/www.montereybayaquarium.org\/cr\/seafoodwatch.aspx.<\/a><\/p>\n<p><a name=\"16\"><\/a>[16] Esto se aplica especialmente cuando se compran souvenirs en los viajes. Ver\u00a0<a href=\"http:\/\/wwf.panda.org\/about_our_earth\/biodiversity\/what_you_can_do\/\">http:\/\/wwf.panda.org\/about_our_earth\/biodiversity\/what_you_can_do\/<\/a>\u00a0 para mas informaci\u00f3n sobre esto y otros modos de proteger a las especies.<\/p>\n<p><a name=\"17\"><\/a>[17] Babylonian Talmud, Tractate Sota 14a. Hay un famoso Midrash que trata un acertijo presentado en este verso \u00abUstedes, que escinden al Se\u00f1or su D-s, est\u00e1n todos vivos hoy\u00bb (Deut. 4:4) Despu\u00e9s de todo, D-s es incorp\u00f3reo &#8211; c\u00f3mo podr\u00edamos describir como \u00abescisi\u00f3n\u00bb a un no-f\u00edsico Di-s? El Talmud responde que la intenci\u00f3n es realmente \u00a0esa cuando imitamos a Ds-: \u00abM\u00e1s bien, esto significa que se debe adherirse a los atributos de Dios. Tal como D-s visti\u00f3 a los desnudos [Adan y Eva], entonces tu deberias vestir a los desnudos tambi\u00e9n.. Tal como D-s visito a los enfermos [a Abraham despu\u00e9s de su circuncisi\u00f3n], entonces tu tambi\u00e9n deber\u00edas visitar a los enfermos. Tal como D-s consol\u00f3 a los dolientes [Isaac despu\u00e9s de la muerte de Abraham], entonces tu tambi\u00e9n deber\u00edas consolar a los dolientes. Tal como D-s enterr\u00f3 a los muertos [Moises], entonces tu tambi\u00e9n deber\u00edas enterrar a los muertos.\u00bb<\/p>\n","protected":false},"excerpt":{"rendered":"<p>Por el Rabbi Shaul David Judelman De acuerdo con el sabio \u00a0del Talmud Rav, \u00abDe todas las cosas que el Sagrado, bendito sea, creo en este mundo, nada fue creado sin un prop\u00f3sito\u00bb.[1]\u00a0Todas las criaturas, desde los humanos, un rat\u00f3n,&#8230;<\/p>\n","protected":false},"author":5,"featured_media":0,"parent":0,"menu_order":0,"comment_status":"closed","ping_status":"closed","template":"templates\/fullwidth.php","meta":{"ngg_post_thumbnail":0,"footnotes":""},"class_list":["post-4217","page","type-page","status-publish","hentry"],"aioseo_notices":[],"_links":{"self":[{"href":"https:\/\/www.jewishecoseminars.com\/spanish\/wp-json\/wp\/v2\/pages\/4217","targetHints":{"allow":["GET"]}}],"collection":[{"href":"https:\/\/www.jewishecoseminars.com\/spanish\/wp-json\/wp\/v2\/pages"}],"about":[{"href":"https:\/\/www.jewishecoseminars.com\/spanish\/wp-json\/wp\/v2\/types\/page"}],"author":[{"embeddable":true,"href":"https:\/\/www.jewishecoseminars.com\/spanish\/wp-json\/wp\/v2\/users\/5"}],"replies":[{"embeddable":true,"href":"https:\/\/www.jewishecoseminars.com\/spanish\/wp-json\/wp\/v2\/comments?post=4217"}],"version-history":[{"count":3,"href":"https:\/\/www.jewishecoseminars.com\/spanish\/wp-json\/wp\/v2\/pages\/4217\/revisions"}],"predecessor-version":[{"id":4220,"href":"https:\/\/www.jewishecoseminars.com\/spanish\/wp-json\/wp\/v2\/pages\/4217\/revisions\/4220"}],"wp:attachment":[{"href":"https:\/\/www.jewishecoseminars.com\/spanish\/wp-json\/wp\/v2\/media?parent=4217"}],"curies":[{"name":"wp","href":"https:\/\/api.w.org\/{rel}","templated":true}]}}