{"id":4223,"date":"2016-08-30T10:49:52","date_gmt":"2016-08-30T10:49:52","guid":{"rendered":"http:\/\/www.jewishecoseminars.com\/spanish\/?page_id=4223"},"modified":"2016-08-31T01:12:17","modified_gmt":"2016-08-31T01:12:17","slug":"ofertas","status":"publish","type":"page","link":"https:\/\/www.jewishecoseminars.com\/spanish\/ofertas\/","title":{"rendered":"Ofertas"},"content":{"rendered":"<h3><span style=\"color: #000000;\">Israel Eco-Day: Explorando Israel en una nueva forma<\/span><\/h3>\n<p><span style=\"color: #000000;\">El programa Israel Eco-Day es una oportunidad para los grupos jud\u00edos de bajarse de las rutas tan transitadas y de experienciar un lado de Israel poco frecuentado por los visitantes y estudiantes. Los grupos de Israel Eco-Day son expuestos de forma directa tanto a la naturaleza de Israel, como a su din\u00e1mica cultura de innovaci\u00f3n. A pesar de sus desaf\u00edos, Israel as un l\u00edder global en soluciones ecol\u00f3gicas a los dilemas ambientales que enfrentamos. Esta es un \u00e1rea de la vitalidad de Israel que es reconocida por la industria mundial, la que, sin embargo, visitantes e incluso algunos residentes no suelen tener la oportunidad de conocer. Israel Eco-Day ofrece una experiencia interactiva de este apasionante mundo dentro de Israel, en un contexto jud\u00edo.<\/span><\/p>\n<p><span style=\"color: #000000;\">Ya sea que un grupo est\u00e9 explorando problemas contempor\u00e1neos, tales como los desaf\u00edos energ\u00e9ticos o de agua, o caminando por la tierra misma, la experiencia de Israel Eco-Day est\u00e1 anclada en la tradici\u00f3n jud\u00eda. En v\u00ednculo entre la historia del pueblo jud\u00edo y el panorama ambiental contempor\u00e1neo de Israel, permite a los participantes aumentar su relaci\u00f3n con cada una de estas \u00e1reas de inter\u00e9s. Los grupos abordan tanto textos jud\u00edos como textos en general, aumentado su consciencia sobre uno de los asuntos m\u00e1s apremiantes e importantes de la sociedad contempor\u00e1nea, mientras que al mismo tiempo permanecen enraizados en la historia, valores y tradici\u00f3n jud\u00eda.<\/span><\/p>\n<h3><span style=\"color: #000000;\">Objetivos:<\/span><\/h3>\n<p>&nbsp;<\/p>\n<ul>\n<li><span style=\"color: #000000;\">Presentar una conexi\u00f3n pr\u00e1ctica con la Tierra de Israel, a trav\u00e9s de caminar por la tierra y aprender sobre la relaci\u00f3n hist\u00f3rica del pueblo jud\u00edo, la naturaleza de Israel y la agricultura;<\/span><\/li>\n<\/ul>\n<p>&nbsp;<\/p>\n<ul>\n<ul>\n<li><span style=\"color: #000000;\">Proporcionar una experiencia interactiva y din\u00e1mica vinculando los desaf\u00edos medioambientales contempor\u00e1neos y sus soluciones, el Israel moderno, y fuentes jud\u00edas tradicionales;<\/span><\/li>\n<\/ul>\n<\/ul>\n<ul>\n<li><span style=\"color: #000000;\">Involucrar e inspirar a jud\u00edos de todas las edades preocupados por el planeta, mientras que se proporciona un ejemplo de la importancia de Israel y el juda\u00edsmo para los desaf\u00edos globales de hoy en d\u00eda.<\/span><\/li>\n<\/ul>\n<p>&nbsp;<\/p>\n<h3><span style=\"color: #000000;\">Itinerario<\/span><\/h3>\n<p><span style=\"color: #000000;\">El itinerario de Israel Eco-Day se compone de varios elementos, en el contexto de un tema enfocado ecol\u00f3gicamente. Usted, el cliente, elige el tema 1-3 elementos (dependiendo de la duraci\u00f3n del programa y la ubicaci\u00f3n de su grupo en Israel) que le gustar\u00eda incorporar al horario del Israel Eco-Day de su grupo. Cada programa tiene curr\u00edculo personalizado, que incluye estudio tanto de fuentes jud\u00edas como generales, abarcadas en el transcurso del d\u00eda. La siguiente es una lista de temas y elementos a eligir:<\/span><\/p>\n<p><span style=\"color: #000000;\"><a href=\"http:\/\/www.jewishecoseminars.com\/spanish\/wp-content\/uploads\/2011\/01\/fuentes3.jpg\"><img decoding=\"async\" class=\"aligncenter size-full wp-image-885\" title=\"fuentes3\" src=\"http:\/\/www.jewishecoseminars.com\/spanish\/wp-content\/uploads\/2011\/01\/fuentes3.jpg\" alt=\"\" width=\"551\" height=\"198\" \/><\/a><br \/>\n<\/span><\/p>\n<h3><span style=\"color: #000000;\">Qu\u00e9 Esperar<\/span><\/h3>\n<p><span style=\"color: #000000;\">El programa Israel Eco-Day es personalizado seg\u00fan los requerimientos y necesidades de su grupo, de acuerdo con su elecci\u00f3n del tema y los elementos.\u00a0<\/span><\/p>\n<h3 style=\"text-align: justify;\">INFORMACION GENERAL<\/h3>\n<p style=\"text-align: justify;\">El costo var\u00eda de acuerdo al n\u00famero de participantes y al nivel de servicios \u2013incluyendo alojamiento &#8211; requeridos.<br \/>\nOfrecemos tour personalizados para todas las edades y capacidades.<\/p>\n<ol style=\"text-align: justify;\">\n<ol style=\"text-align: justify;\">\n<ol>\n<li><strong><a href=\"http:\/\/www.jewishecoseminars.com\/spanish\/es\/granjas-org%c3%a1nicas-en-israel\/\">Granjas Org\u00e1nicas en Israel<\/a><\/strong><\/li>\n<li><strong><a href=\"http:\/\/www.jewishecoseminars.com\/spanish\/es\/aves-migratorias-en-israel\/\">Aves Migratorias en Israel<\/a><\/strong><\/li>\n<li><strong><a href=\"http:\/\/www.jewishecoseminars.com\/spanish\/es\/energ%c3%ada-solar-en-israel\/\">Energ\u00eda Solar en Israel<\/a><\/strong><\/li>\n<li><strong><a href=\"http:\/\/www.jewishecoseminars.com\/spanish\/es\/mercado-machane-yehuda-y-la-globalizaci%c3%b3n-de-los-productos-alimenticios\/\">Mercado Machane Yehuda y la Globalizaci\u00f3n de los Productos Alimenticios<\/a><\/strong><\/li>\n<li><strong><a href=\"http:\/\/www.jewishecoseminars.com\/spanish\/es\/eco-altos-del-gol%c3%a1n\/\">Eco-Altos del Gol\u00e1n<\/a><\/strong><\/li>\n<li><strong><a href=\"http:\/\/www.jewishecoseminars.com\/spanish\/es\/el-desierto-en-israel\/\">El Desierto en Israel<\/a><\/strong><\/li>\n<li><strong><a href=\"http:\/\/www.jewishecoseminars.com\/spanish\/es\/el-desaf%c3%ado-del-agua-en-israel\/\">El Desaf\u00edo del Agua en Israel<\/a><\/strong><\/li>\n<li><a href=\"http:\/\/www.jewishecoseminars.com\/spanish\/tecnologia-agricola-en-israel\/\">Tecnolog\u00eda Agr\u00edcola en Israel<\/a><\/li>\n<li><a href=\"http:\/\/www.jewishecoseminars.com\/spanish\/problemas-ecologicos-de-jerusalem\/\">Problemas Ecol\u00f3gicos de Jerusalem<\/a><\/li>\n<li><a href=\"http:\/\/www.jewishecoseminars.com\/spanish\/paneles-interreligiosos\/\">Paneles Interreligiosos<\/a><\/li>\n<li><a href=\"http:\/\/www.jewishecoseminars.com\/spanish\/tours-de-varios-dias\/\">Tours de Varios D\u00edas<\/a><\/li>\n<li><a href=\"http:\/\/www.jewishecoseminars.com\/spanish\/el-valle-de-cedron-pasado-presente-y-futuro\/\">El Valle de Cedr\u00f3n &#8211; Presente, Pasado y Futuro<\/a><\/li>\n<\/ol>\n<\/ol>\n<\/ol>\n<h3>OTROS TEMAS<\/h3>\n<p>&nbsp;<\/p>\n<h4 style=\"margin-bottom: -15px;\"><span style=\"color: #000000;\">Introducci\u00f3n al Medioambiente, Israel y el Juda\u00edsmo:<\/span><\/h4>\n<p><span style=\"color: #000000;\">Si bien usted y su grupo pueden estar familiarizados con el medio ambiente, Israel moderno y antiguo y el juda\u00edsmo como entidades separadas, pueden preguntarse: \u00bfC\u00f3mo se conectan estas distintas partes de nuestras vidas? En este panorama general, el grupo obtendr\u00e1 una apreciaci\u00f3n por las ra\u00edces profundas que han conectado estos conceptos durante siglos.<\/span><\/p>\n<h4 style=\"margin-bottom: -15px;\"><span style=\"color: #000000;\">Problemas Energ\u00e9ticos y Soluciones:<\/span><\/h4>\n<p><span style=\"color: #000000;\">La sociedad Israel\u00ed Contempor\u00e1nea est\u00e1 a la vanguardia de los esfuerzos mundiales para cambiar fuentes de energ\u00eda no renovables por fuentes m\u00e1s seguras sustentables y renovables. Israel est\u00e1 utilizando creatividad y tecnolog\u00eda avanzada para hacer frente a este problema mundial. Veremos algunos de los sorprendentes proyectos de Israel en terreno, y exploraremos el valor de la sustenabilidad en la tradici\u00f3n jud\u00eda.<\/span><\/p>\n<h4 style=\"margin-bottom: -15px;\"><span style=\"color: #000000;\">El Desaf\u00edo del Agua:<\/span><\/h4>\n<p><span style=\"color: #000000;\">El grupo explorar\u00e1 los desaf\u00edos del agua en Israel a nivel hist\u00f3rico y contempor\u00e1neo. Veremos c\u00f3mo Jerusalem, por ejemplo, ha estado lidiando con un suministro limitado de agua por 3.000 a\u00f1os! En los \u00faltimos a\u00f1os, los acu\u00edferos principales de Israel y el Lago Kinneret descendieron por debajo de sus l\u00edneas rojas, poniendo en peligro la calidad del agua. El Ministerio Israel\u00ed del Medio Ambiente advirti\u00f3 que \u00abla preservaci\u00f3n de las escasas fuentes de agua del pa\u00eds, puede ser el mayor desaf\u00edo que afronta Israel hoy en d\u00eda.\u00bb Exploraremos las fuentes jud\u00edas sobre la importancia espiritual y f\u00edsica del agua y su conservaci\u00f3n.<\/span><\/p>\n<h4 style=\"margin-bottom: -15px;\"><span style=\"color: #000000;\">Consumo y Desechos<\/span><\/h4>\n<p><span style=\"color: #000000;\">Como en todas las sociedades modernas, el consume de recursos de Israel es muy grande, lo que resulta en altos niveles de producci\u00f3n de desechos. Exploraremos algunas de las nuevas tecnolog\u00edas y proyectos de reciclaje que Israel est\u00e1 utilizando para hacer frente a este problema. Tambi\u00e9n vamos a explorar las tradiciones jud\u00eda y los valores de consumo y los residuos.<\/span><\/p>\n<h4 style=\"margin-bottom: -15px;\"><span style=\"color: #000000;\">Agricultura Antigua y Moderna<\/span><\/h4>\n<p><span style=\"color: #000000;\">Los mandamientos agr\u00edcolas y el ciclo agr\u00edcola anual, han sido fundamentales para la vida diaria jud\u00eda y su tradici\u00f3n por siglos. Exploraremos estas ense\u00f1anzas, y veremos c\u00f3mo los israel\u00edes las incorporan hoy en d\u00eda en las pr\u00e1cticas contempor\u00e1neas. Tendr\u00e1n la opci\u00f3n de visitar las granjas de Israel, y de aprender acerca de los esfuerzos israel\u00edes para una agricultura sustentable y org\u00e1nica.<\/span><\/p>\n<h4 style=\"margin-bottom: -15px;\"><span style=\"color: #000000;\">Biodiversidad: Plantas y Animales \u00danicos en Israel<\/span><\/h4>\n<p><span style=\"color: #000000;\">Las siete especies de alimentos de la Tierra Sagrada y las incre\u00edbles bandadas de aves migratorias vistas cada oto\u00f1o y primavera, son algunos ejemplos de la vida silvestre \u00fanica que existe en Israel. Vamos a ver algunas de las maravillosas plantas y animales que han prosperado aqu\u00ed en el pasado y el presente, y los esfuerzos que se est\u00e1n haciendo para su conservaci\u00f3n en la actualidad<\/span><\/p>\n<p><a href=\"http:\/\/www.jewishecoseminars.com\/spanish\/wp-content\/uploads\/2012\/11\/cave-man-1024x7311.jpg\"><img decoding=\"async\" class=\"aligncenter wp-image-3791 size-full\" src=\"http:\/\/www.jewishecoseminars.com\/spanish\/wp-content\/uploads\/2012\/11\/cave-man-1024x7311.jpg\" alt=\"cave-man-1024x731\" width=\"600\" height=\"428\" srcset=\"https:\/\/www.jewishecoseminars.com\/spanish\/wp-content\/uploads\/2012\/11\/cave-man-1024x7311.jpg 600w, https:\/\/www.jewishecoseminars.com\/spanish\/wp-content\/uploads\/2012\/11\/cave-man-1024x7311-300x214.jpg 300w, https:\/\/www.jewishecoseminars.com\/spanish\/wp-content\/uploads\/2012\/11\/cave-man-1024x7311-126x90.jpg 126w\" sizes=\"(max-width: 600px) 100vw, 600px\" \/><\/a><\/p>\n","protected":false},"excerpt":{"rendered":"<p>Israel Eco-Day: Explorando Israel en una nueva forma El programa Israel Eco-Day es una oportunidad para los grupos jud\u00edos de bajarse de las rutas tan transitadas y de experienciar un lado de Israel poco frecuentado por los visitantes y estudiantes&#8230;.<\/p>\n","protected":false},"author":5,"featured_media":0,"parent":0,"menu_order":0,"comment_status":"closed","ping_status":"closed","template":"templates\/fullwidth.php","meta":{"ngg_post_thumbnail":0,"footnotes":""},"class_list":["post-4223","page","type-page","status-publish","hentry"],"aioseo_notices":[],"_links":{"self":[{"href":"https:\/\/www.jewishecoseminars.com\/spanish\/wp-json\/wp\/v2\/pages\/4223","targetHints":{"allow":["GET"]}}],"collection":[{"href":"https:\/\/www.jewishecoseminars.com\/spanish\/wp-json\/wp\/v2\/pages"}],"about":[{"href":"https:\/\/www.jewishecoseminars.com\/spanish\/wp-json\/wp\/v2\/types\/page"}],"author":[{"embeddable":true,"href":"https:\/\/www.jewishecoseminars.com\/spanish\/wp-json\/wp\/v2\/users\/5"}],"replies":[{"embeddable":true,"href":"https:\/\/www.jewishecoseminars.com\/spanish\/wp-json\/wp\/v2\/comments?post=4223"}],"version-history":[{"count":1,"href":"https:\/\/www.jewishecoseminars.com\/spanish\/wp-json\/wp\/v2\/pages\/4223\/revisions"}],"predecessor-version":[{"id":4224,"href":"https:\/\/www.jewishecoseminars.com\/spanish\/wp-json\/wp\/v2\/pages\/4223\/revisions\/4224"}],"wp:attachment":[{"href":"https:\/\/www.jewishecoseminars.com\/spanish\/wp-json\/wp\/v2\/media?parent=4223"}],"curies":[{"name":"wp","href":"https:\/\/api.w.org\/{rel}","templated":true}]}}