{"id":4227,"date":"2016-08-30T10:51:46","date_gmt":"2016-08-30T10:51:46","guid":{"rendered":"http:\/\/www.jewishecoseminars.com\/spanish\/?page_id=4227"},"modified":"2016-08-31T01:15:28","modified_gmt":"2016-08-31T01:15:28","slug":"plan-de-estudios-enfocando-la-sostenibilidad-ambiental-desde-el-judaismo","status":"publish","type":"page","link":"https:\/\/www.jewishecoseminars.com\/spanish\/plan-de-estudios-enfocando-la-sostenibilidad-ambiental-desde-el-judaismo\/","title":{"rendered":"Plan de Estudios&#8211; Enfocando la Sostenibilidad Ambiental desde el Juda\u00edsmo"},"content":{"rendered":"<p style=\"text-align: justify;\"><strong>Enfocando la Sostenibilidad Ambiental desde el Juda\u00edsmo<\/strong><\/p>\n<p style=\"text-align: justify;\"><em>Instructor:<\/em><\/p>\n<p style=\"text-align: justify;\">Rabino Yonatan Neril, MA, con potenciales ponentes invitados<\/p>\n<p style=\"text-align: justify;\"><strong>Objetivos<\/strong><\/p>\n<ul style=\"text-align: justify;\">\n<li>Explorar ense\u00f1anzas de la tradici\u00f3n jud\u00eda en sostenibilidad ambiental en relaci\u00f3n con el Jerusal\u00e9n e Israel contempor\u00e1neos;<\/li>\n<\/ul>\n<ul style=\"text-align: justify;\">\n<li>Aprender acerca de asuntos ecol\u00f3gicos modernos en Jerusal\u00e9n e Israel que se vinculen con las ense\u00f1anzas jud\u00edas.<\/li>\n<\/ul>\n<p style=\"text-align: justify;\"><strong>Modo de Instrucci\u00f3n<\/strong><\/p>\n<p style=\"text-align: justify;\">Un estudio de ense\u00f1anzas jud\u00edas modernas, B\u00edblicas y Rab\u00ednicas de relevancia en los asuntos medioambientales presentes. Los temas clave que se tocar\u00e1n durante el curso incluyen el Jard\u00edn del Ed\u00e9n y el Paradigma de Responsabilidad (<em>Stewardship Paradigm<\/em>); fuentes B\u00edblicas en agricultura y producci\u00f3n globalizada de alimentos hoy en d\u00eda; y el requerimiento de la Biblia de no malgastar en conexi\u00f3n con el derroche energ\u00e9tico y de alimentos en las sociedades contempor\u00e1neas.<\/p>\n<p style=\"text-align: justify;\"><strong>Duraci\u00f3n<\/strong><\/p>\n<p style=\"text-align: justify;\">El curso est\u00e1 dividido en 10 unidades. Cada unidad est\u00e1 dise\u00f1ada para durar varias horas, como promedio.<\/p>\n<p style=\"text-align: justify;\"><strong>Estructura<\/strong><\/p>\n<p style=\"text-align: justify;\">Cada una de las 10 unidades consistir\u00e1 en tres aspectos: 1) una clase en un tema medioambiental enfocado desde el juda\u00edsmo, la cual incluir\u00e1 aprendizaje en parejas y en conjunto con la clase, guiada por hojas impresas de referencia en hebreo e ingl\u00e9s; 2) una actividad pr\u00e1ctica, normalmente al aire libre, en la naturaleza o zonas urbanas en Jerusal\u00e9n; 3) material de lectura requerido.<\/p>\n<p style=\"text-align: justify;\"><strong>Materiales del Curso<\/strong><\/p>\n<p style=\"text-align: justify;\"><strong>Material de Lectura \u2013 Espa\u00f1ol<\/strong><\/p>\n<ul style=\"text-align: justify;\">\n<li>Ensayos seleccionados de Eitz Chaim Hee: <u>Comentarios Medioambientales Semanales en las<\/u> <u>Porciones de la Tor\u00e1<\/u> (<em>Weekly Environmental Commentaries on the Torah Portion<\/em>), ed. Rabino Yonatan Neril, Canfei Nesharim: Washington, D.C, 2008<\/li>\n<\/ul>\n<ul style=\"text-align: justify;\">\n<li>Ensayos seleccionados de otras fuentes.<\/li>\n<\/ul>\n<p style=\"text-align: justify;\">Por favor, n\u00f3tese que el material de lectura definitivo se determinar\u00e1 una vez el programa del curso haya sido finalizado.<\/p>\n<p style=\"text-align: justify;\"><strong>Gu\u00eda del Curso<\/strong><\/p>\n<p style=\"text-align: justify;\"><strong><u>Unidad I<\/u><\/strong><strong>: G\u00e9nesis: &#8216;Conquistar la Tierra\u2019, Responsabilidad en el Jard\u00edn del Ed\u00e9n, el Derrame de Petr\u00f3leo de BP, y Jerusal\u00e9n y la Era del Combustible F\u00f3sil.<\/strong><\/p>\n<p style=\"text-align: justify;\"><strong>Tema central<\/strong>: Dios encomend\u00f3 a la humanidad encontrar un equilibrio entre servir, salvaguardar y gobernar la naturaleza, como parte de una vida \u00e9ticamente responsable.<\/p>\n<p style=\"text-align: justify;\"><strong>Material de Lectura<\/strong>:<\/p>\n<ul style=\"text-align: justify;\">\n<li>G\u00e9nesis, cap\u00edtulos 1-2.<\/li>\n<\/ul>\n<ul style=\"text-align: justify;\">\n<li><u>Eitz Chaim Hee<\/u>, comentario #1, El Paradigma de Responsabilidad en la Porci\u00f3n de la Tor\u00e1 Bereishis\/G\u00e9nesis, por el Gran Rabino Lord Jonathan Sacks (<em>The Stewardship Paradigm in the<\/em> <em>Torah Portion of Bereishis\/Genesis<\/em>).<\/li>\n<\/ul>\n<p style=\"text-align: justify;\"><strong><u>Unidad II<\/u><\/strong><strong>: No\u00e9 y la \u00c9tica de la Sostenibilidad Ambiental.<\/strong><\/p>\n<p style=\"text-align: justify;\"><strong>Tema central<\/strong>: la ancestral historia de No\u00e9 y el diluvio universal se correlaciona con numerosos asuntos ecol\u00f3gicos de nuestros tiempos. Por ejemplo, la preservaci\u00f3n del medioambiente depende de que asumamos la responsabilidad de nuestras propias acciones.<\/p>\n<p style=\"text-align: justify;\"><strong>Material de Lectura:<\/strong><\/p>\n<ul style=\"text-align: justify;\">\n<li>G\u00e9nesis: desde 6:5, hasta 9:29<\/li>\n<\/ul>\n<ul style=\"text-align: justify;\">\n<li><u>Eitz Chaim Hee<\/u><em>,<\/em>No\u00e9 y la Preocupaci\u00f3n Medioambiental (<em>Noah and Environmental Concern<\/em>), por el Rabino Yonatan Neril.<\/li>\n<\/ul>\n<p style=\"text-align: justify;\"><strong><u>Unidad III<\/u><\/strong><strong>: Jerusal\u00e9n, el Agua y las Ense\u00f1anzas del Juda\u00edsmo.<\/strong><\/p>\n<p style=\"text-align: justify;\"><strong>Tema Central: <\/strong>Explorar fuentes del juda\u00edsmo en el tema de la conservaci\u00f3n del agua en conexi\u00f3n con su relevancia en tiempos actuales, y considerando posibles soluciones para Jerusal\u00e9n e Israel en el siglo XXI.<\/p>\n<p style=\"text-align: justify;\"><strong>Componente Pr\u00e1ctico:<\/strong><\/p>\n<p style=\"text-align: justify;\">En la Reserva Natural Sataf Spring, nos adentraremos en una cisterna tallada en las rocas, y veremos de primera mano m\u00e9todos milenarios de recogida del agua e irrigaci\u00f3n de los campos.<\/p>\n<p style=\"text-align: justify;\"><strong>Material de Lectura:<\/strong><\/p>\n<ul style=\"text-align: justify;\">\n<li>\u201cEl Agua en la Tradici\u00f3n Jud\u00eda\u201d (<em>Water in the Jewish Tradition<\/em>), por el Rabino Yonatan Neril.<\/li>\n<\/ul>\n<p style=\"text-align: justify;\"><strong><u>Unidad IV<\/u><\/strong><strong>: Ense\u00f1anzas del Juda\u00edsmo y la Sociedad del Consumo.<\/strong><\/p>\n<p style=\"text-align: justify;\"><strong>Tema central<\/strong>: El desaf\u00edo del consumismo excesivo regido por el aumento de la riqueza tiene una naturaleza tanto espiritual como f\u00edsica. El desaf\u00edo espiritual est\u00e1 en superar la tendencia hacia el enriquecimiento para sentirse satisfecho con uno mismo. El desaf\u00edo f\u00edsico se manifiesta en problemas medioambientales, como la extinci\u00f3n de especies y la contaminaci\u00f3n.<\/p>\n<p style=\"text-align: justify;\"><strong><u>Unidad V<\/u><\/strong><strong>: Jerusal\u00e9n, el Consumo Energ\u00e9tico y los Valores del Juda\u00edsmo.<\/strong><\/p>\n<p style=\"text-align: justify;\"><strong>Tema Central<\/strong>: la tradici\u00f3n Jud\u00eda contiene vastas ense\u00f1anzas aplicables al mantenimiento de un consumo energ\u00e9tico prudente, que nos pueden ense\u00f1ar a reducir nuestro uso excesivo de combustible.<\/p>\n<p style=\"text-align: justify;\"><strong>Material de Lectura:<\/strong><\/p>\n<ul style=\"text-align: justify;\">\n<li>\u00c9xodo, cap\u00edtulo 3.<\/li>\n<\/ul>\n<ul style=\"text-align: justify;\">\n<li>Ensayo: Usando la Energ\u00eda Sabiamente (<em>Using Energy Wisely<\/em>), por el Rabino Yonatan Neril.<\/li>\n<\/ul>\n<ul style=\"text-align: justify;\">\n<li>Hoja impresa con informaci\u00f3n adicional, incluyendo m\u00faltiples comentarios rab\u00ednicos.<\/li>\n<\/ul>\n<p style=\"text-align: justify;\"><strong><u>Unidad VI<\/u><\/strong><strong>: Los \u00c1rboles Cantaron con Alegr\u00eda y el Futuro de los Bosques Tropicales.<\/strong><\/p>\n<p style=\"text-align: justify;\"><strong>Tema Central<\/strong>: Ense\u00f1anzas b\u00edblicas relacionadas con la importancia de plantar \u00e1rboles, protegerlos y hacer un uso responsable de ellos.<\/p>\n<p style=\"text-align: justify;\"><strong>Componente Pr\u00e1ctico<\/strong>:<\/p>\n<p style=\"text-align: justify;\">Opci\u00f3n 1: en el parque Gan Sacher o en el bosque de Jerusal\u00e9n, se aprender\u00e1 a relacionarse con los \u00e1rboles de una nueva manera. Se trata de participar en una actividad pr\u00e1ctica con un compa\u00f1ero que guiar\u00e1 al participante para que palpe e identifique un \u00e1rbol sin verlo \u2013 por los sonidos, el sentido del equilibrio, los olores, el tacto, y m\u00e1s. Al aire libre, se aprender\u00e1 desde las ense\u00f1anzas del juda\u00edsmo sobre la importancia que los \u00e1rboles tienen para los humanos, y sobre nuestra dependencia de los \u00e1rboles en el mundo moderno, a la luz de la deforestaci\u00f3n.<\/p>\n<p style=\"text-align: justify;\"><strong>Material de Lectura<\/strong>:<\/p>\n<ul style=\"text-align: justify;\">\n<li>\u00c9xodo, cap\u00edtulo 25, versos 1-16; cap\u00edtulo 26, versos 15-25.<\/li>\n<\/ul>\n<ul style=\"text-align: justify;\">\n<li><u>Eitz Chaim Hee<\/u>, Los \u00c1rboles Cantaron con Alegr\u00eda (<em>The Trees Sang With Joy<\/em>), por el Rabino Yonatan Neril.<\/li>\n<\/ul>\n<p style=\"text-align: justify;\"><strong><u>Unidad VII<\/u><\/strong><strong>: El Sabbat y el A\u00f1o Sab\u00e1tico<\/strong><\/p>\n<p style=\"text-align: justify;\"><strong>Tema central<\/strong>: el Sabbat ofrece una oportunidad para centrarse en la familia, la comunidad, y Dios. Sin las distracciones del d\u00eda a d\u00eda, el Sabbat puede revitalizar a las personas y al medio ambiente.<\/p>\n<p style=\"text-align: justify;\"><strong>Componente Pr\u00e1ctico:<\/strong><\/p>\n<p style=\"text-align: justify;\">Visita al parque Valle de las Gacelas (Gazelle Valley), y charla con un gu\u00eda de la SPNI (Sociedad para la Protecci\u00f3n de la Naturaleza en Israel) sobre el estado del parque y los asuntos medioambientales contempor\u00e1neos en Jerusal\u00e9n.<\/p>\n<p style=\"text-align: justify;\"><strong>Material de Lectura:<\/strong><\/p>\n<ul style=\"text-align: justify;\">\n<li><u>Judaica Press Chumash<\/u>, desde 5:11 hasta 6:8.<\/li>\n<\/ul>\n<ul style=\"text-align: justify;\">\n<li><u>Eitz Chaim Hee,<\/u> Aprendiendo de Nuestros Errores (<em>Learning from our Mistakes<\/em>), por Evonne Marzouk.<\/li>\n<\/ul>\n<ul style=\"text-align: justify;\">\n<li><u>Compendio<\/u>, Una Perspectiva Jud\u00eda en la Tragedia de los Comunes (<em>A Jewish Perspective on<\/em> <em>the Tragedy of the Commons<\/em>), por el Dr. Akiva Wolff.<\/li>\n<\/ul>\n<ul style=\"text-align: justify;\">\n<li><u>Colapso (<em>Collapse<\/em>)<\/u>, cap\u00edtulo 12, p\u00e1g. 358-377; cap\u00edtulo 13, p\u00e1g. 378-416; y cap\u00edtulo 14, p\u00e1g. 417-440.<\/li>\n<\/ul>\n<p style=\"text-align: justify;\"><strong><u>Unidad VIII<\/u><\/strong><strong>: Bal Tashchit: No Destruyas, y el Malgasto de Alimentos en el Mundo Industrializado.<\/strong><\/p>\n<p style=\"text-align: justify;\"><strong>Tema central<\/strong>: el mandamiento de \u201cno malgastar\u201d (Bal Tashchit) se aplica al vestir, a la energ\u00eda, al agua, al dinero, y a todo recurso utilizable. Un ejemplo de tiempos presentes es el desecho de alimentos a\u00fan comestibles, lo cual es de gran relevancia en nuestro d\u00eda a d\u00eda.<\/p>\n<p style=\"text-align: justify;\"><strong>Material de Lectura<\/strong>:<\/p>\n<ul style=\"text-align: justify;\">\n<li><u>Judaica Press Chumash<\/u>, Deuteronomio 20:19-20<\/li>\n<\/ul>\n<ul style=\"text-align: justify;\">\n<li><u>Eitz Chaim Hee<\/u>, Destrucci\u00f3n Derrochadora (<em>Wasteful Destruction<\/em>), por el Rabino Dr. Norman Lamm.<\/li>\n<\/ul>\n<ul style=\"text-align: justify;\">\n<li>Hojas impresas, incluyendo m\u00faltiples comentarios rab\u00ednicos.<\/li>\n<\/ul>\n<p style=\"text-align: justify;\"><strong>Unidad IX: Agricultura Israelita y la Producci\u00f3n Globalizada de Alimentos<\/strong><\/p>\n<p style=\"text-align: justify;\"><strong>Tema central<\/strong>: la descripci\u00f3n en la Biblia de la producci\u00f3n de alimentos tradicional de las Tribus de Israel revela la importancia de conocer y mejorar el proceso de obtenci\u00f3n cada vez m\u00e1s complejo de nuestros alimentos.<\/p>\n<p style=\"text-align: justify;\"><strong>Componente Pr\u00e1ctico<\/strong>: El Mercado Machane Yehuda y la Globalizaci\u00f3n de los Alimentos (opci\u00f3n para d\u00eda lluvioso). Recorrido por el mercado m\u00e1s grande de Israel desde la perspectiva de los asuntos medioambientales modernos y las ense\u00f1anzas del Juda\u00edsmo.<\/p>\n<p style=\"text-align: justify;\"><strong><u>Unidad X<\/u><\/strong><strong>: Biodiversidad y las Ense\u00f1anzas del Juda\u00edsmo.<\/strong><\/p>\n<p style=\"text-align: justify;\">La Biblia pone \u00e9nfasis en el valor de todas las criaturas de Dios; atendiendo a m\u00faltiples pasajes podemos aprender sobre la importancia de la preservaci\u00f3n de las especies y las limitaciones de la<\/p>\n<p style=\"text-align: justify;\">explotaci\u00f3n humana de los distintitos ecosistemas existentes.<\/p>\n<p style=\"text-align: justify;\"><strong>Componente Pr\u00e1ctico:<\/strong><\/p>\n<p style=\"text-align: justify;\">Opci\u00f3n 1: Observatorio de Aves de Jerusal\u00e9n \u2013 Realizar un tour y aprender sobre la migraci\u00f3n de las aves de Israel, recorrer el recientemente inaugurado \u201cedificio vivo\u201d y aprender sobre la importancia que la biodiversidad tiene en la Tor\u00e1. Opcional: ofrecerse voluntario para el mantenimiento de esta importante zona natural urbana.<\/p>\n<p style=\"text-align: justify;\"><strong>Adicional: Sesiones Pr\u00e1cticas Extra (Opcionales)<\/strong><\/p>\n<p style=\"text-align: justify;\">1) <strong>Experimentar una tarde de Sabbat<\/strong> (cinco horas)<\/p>\n<p style=\"text-align: justify;\">Asista a los servicios de Sabbat (Kabbalat Sabbat) en una sinagoga en Rehavia, y despu\u00e9s sea bienvenido a la cena de Sabbat en el hogar de Yonatan y Shana Neril, en Nachlot.<\/p>\n<p style=\"text-align: justify;\"><strong>2) Desierto en Israel <\/strong>(d\u00eda completo)<\/p>\n<p style=\"text-align: justify;\">Como el pueblo Jud\u00edo \u201cnaci\u00f3\u201d en el desierto, los desiertos bordeando las \u00e1reas asentadas por Israel contienen una gran significaci\u00f3n. Sienta la energ\u00eda de escapar de la civilizaci\u00f3n por un corto periodo de tiempo, y experimente el esp\u00edritu del silencio del desierto en una ruta de senderismo guiada y otras actividades. Ll\u00e9vese el poder del desierto de vuelta a la civilizaci\u00f3n tras examinar desde la perspectiva de las ense\u00f1anzas del Juda\u00edsmo los valores que \u00e9ste ofrece a las sociedades humanas.<\/p>\n<p style=\"text-align: justify;\">3) <strong>El Camino de los Manantiales<\/strong> (Shvil Hamayanot) (seis horas)<\/p>\n<p style=\"text-align: justify;\">Haremos senderismo por esta popular ruta (accesible por transporte p\u00fablico desde el centro de la ciudad), dej\u00e1ndola m\u00e1s limpia de lo que estaba, disfrutando de nuestro almuerzo al costado de los manantiales, aprendiendo sobre la flora local y maravill\u00e1ndonos con los hal\u00e1jicos y m\u00edsticos aspectos de estos manantiales naturales.<\/p>\n<p style=\"text-align: justify;\">4) <strong>Wadi Kelt<\/strong> (seis horas)<\/p>\n<p style=\"text-align: justify;\">Explore el incre\u00edble sistema de aguas a trav\u00e9s de estas colinas que descienden hasta el Mar Muerto. Esta bella ruta ofrece el escenario perfecto para una profundizaci\u00f3n en las ideas de Rav Kook acerca de la naturaleza de los elementos cabal\u00edsticos, y a trav\u00e9s de ellas entenderemos aspectos de la crisis medioambiental actual (Ej. Preferencia por el transporte privado).<\/p>\n","protected":false},"excerpt":{"rendered":"<p>Enfocando la Sostenibilidad Ambiental desde el Juda\u00edsmo Instructor: Rabino Yonatan Neril, MA, con potenciales ponentes invitados Objetivos Explorar ense\u00f1anzas de la tradici\u00f3n jud\u00eda en sostenibilidad ambiental en relaci\u00f3n con el Jerusal\u00e9n e Israel contempor\u00e1neos; Aprender acerca de asuntos ecol\u00f3gicos modernos&#8230;<\/p>\n","protected":false},"author":5,"featured_media":0,"parent":0,"menu_order":0,"comment_status":"closed","ping_status":"closed","template":"templates\/fullwidth.php","meta":{"ngg_post_thumbnail":0,"footnotes":""},"class_list":["post-4227","page","type-page","status-publish","hentry"],"aioseo_notices":[],"_links":{"self":[{"href":"https:\/\/www.jewishecoseminars.com\/spanish\/wp-json\/wp\/v2\/pages\/4227","targetHints":{"allow":["GET"]}}],"collection":[{"href":"https:\/\/www.jewishecoseminars.com\/spanish\/wp-json\/wp\/v2\/pages"}],"about":[{"href":"https:\/\/www.jewishecoseminars.com\/spanish\/wp-json\/wp\/v2\/types\/page"}],"author":[{"embeddable":true,"href":"https:\/\/www.jewishecoseminars.com\/spanish\/wp-json\/wp\/v2\/users\/5"}],"replies":[{"embeddable":true,"href":"https:\/\/www.jewishecoseminars.com\/spanish\/wp-json\/wp\/v2\/comments?post=4227"}],"version-history":[{"count":1,"href":"https:\/\/www.jewishecoseminars.com\/spanish\/wp-json\/wp\/v2\/pages\/4227\/revisions"}],"predecessor-version":[{"id":4228,"href":"https:\/\/www.jewishecoseminars.com\/spanish\/wp-json\/wp\/v2\/pages\/4227\/revisions\/4228"}],"wp:attachment":[{"href":"https:\/\/www.jewishecoseminars.com\/spanish\/wp-json\/wp\/v2\/media?parent=4227"}],"curies":[{"name":"wp","href":"https:\/\/api.w.org\/{rel}","templated":true}]}}