{"id":4245,"date":"2016-08-30T11:05:48","date_gmt":"2016-08-30T11:05:48","guid":{"rendered":"http:\/\/www.jewishecoseminars.com\/spanish\/?page_id=4245"},"modified":"2016-08-31T01:14:28","modified_gmt":"2016-08-31T01:14:28","slug":"tecnologia-agricola-en-israel","status":"publish","type":"page","link":"https:\/\/www.jewishecoseminars.com\/spanish\/tecnologia-agricola-en-israel\/","title":{"rendered":"Tecnolog\u00eda Agr\u00edcola en Israel"},"content":{"rendered":"<p style=\"text-align: justify;\">Israel es un l\u00edder en tecnolog\u00eda agr\u00edcola avanzada, y este tour muestra a los participantes esas innovaciones Con su sistema \u00fanico de irrigaci\u00f3n por goteo, reutilizaci\u00f3n de agua de deshechos para agricultura y\u00a0aquaponics, Israel lidera con innovaciones en practicas agr\u00edcolas. Las practicas agr\u00edcolas en el desierto han permitido a Israel transformar tierra \u00e1rida en una fruct\u00edfera agricultura. Hoy Israel es el mayor\u00a0proveedor de frutas y vegetales de alta calidad a Europa.<\/p>\n<p style=\"text-align: justify;\">\n<p style=\"text-align: justify;\">\n<p style=\"text-align: justify;\">\n<p style=\"text-align: justify;\">Este tour hecho a medida les dar\u00e1 a los participantes la oportunidad de visitar granjas org\u00e1nicas, compa\u00f1\u00edas de tecnolog\u00eda agr\u00edcola y m\u00e1s. Tambi\u00e9n organizamos citas con granjeros seleccionados para que pueda\u00a0tener una visi\u00f3n de los distintos aspectos pr\u00e1cticos de la cultura de\u00a0las granjas de Israel. Los tours van desde dos a varios d\u00edas, dependiendo del inter\u00e9s del cliente.<\/p>\n<p style=\"text-align: justify;\">Por favor, contactese con nosotros y trabajaremos en crear\u00a0un tour hecho a la medida de sus intereses.<\/p>\n<p style=\"text-align: justify;\">\n<p style=\"text-align: justify;\">\n<p style=\"text-align: justify;\">Para contactarnos, puede enviar un e-mail a\u00a0<a title=\"mailto:info@ecoisraeltours.com Ctrl+Haga clic o puntee para seguir el v\u00ednculo\" href=\"mailto:info@ecoisraeltours.com\" target=\"_blank\">info@ecoisraeltours.com.<\/a><\/p>\n<p style=\"text-align: justify;\">\n","protected":false},"excerpt":{"rendered":"<p>Israel es un l\u00edder en tecnolog\u00eda agr\u00edcola avanzada, y este tour muestra a los participantes esas innovaciones Con su sistema \u00fanico de irrigaci\u00f3n por goteo, reutilizaci\u00f3n de agua de deshechos para agricultura y\u00a0aquaponics, Israel lidera con innovaciones en practicas agr\u00edcolas&#8230;.<\/p>\n","protected":false},"author":5,"featured_media":0,"parent":0,"menu_order":0,"comment_status":"closed","ping_status":"closed","template":"templates\/fullwidth.php","meta":{"ngg_post_thumbnail":0,"footnotes":""},"class_list":["post-4245","page","type-page","status-publish","hentry"],"aioseo_notices":[],"_links":{"self":[{"href":"https:\/\/www.jewishecoseminars.com\/spanish\/wp-json\/wp\/v2\/pages\/4245","targetHints":{"allow":["GET"]}}],"collection":[{"href":"https:\/\/www.jewishecoseminars.com\/spanish\/wp-json\/wp\/v2\/pages"}],"about":[{"href":"https:\/\/www.jewishecoseminars.com\/spanish\/wp-json\/wp\/v2\/types\/page"}],"author":[{"embeddable":true,"href":"https:\/\/www.jewishecoseminars.com\/spanish\/wp-json\/wp\/v2\/users\/5"}],"replies":[{"embeddable":true,"href":"https:\/\/www.jewishecoseminars.com\/spanish\/wp-json\/wp\/v2\/comments?post=4245"}],"version-history":[{"count":1,"href":"https:\/\/www.jewishecoseminars.com\/spanish\/wp-json\/wp\/v2\/pages\/4245\/revisions"}],"predecessor-version":[{"id":4246,"href":"https:\/\/www.jewishecoseminars.com\/spanish\/wp-json\/wp\/v2\/pages\/4245\/revisions\/4246"}],"wp:attachment":[{"href":"https:\/\/www.jewishecoseminars.com\/spanish\/wp-json\/wp\/v2\/media?parent=4245"}],"curies":[{"name":"wp","href":"https:\/\/api.w.org\/{rel}","templated":true}]}}