{"id":4249,"date":"2016-08-30T11:08:45","date_gmt":"2016-08-30T11:08:45","guid":{"rendered":"http:\/\/www.jewishecoseminars.com\/spanish\/?page_id=4249"},"modified":"2016-08-31T01:14:57","modified_gmt":"2016-08-31T01:14:57","slug":"tours-de-varios-dias","status":"publish","type":"page","link":"https:\/\/www.jewishecoseminars.com\/spanish\/tours-de-varios-dias\/","title":{"rendered":"Tours de Varios Dias"},"content":{"rendered":"<h1><\/h1>\n<p>Eco Israel Tours ofrece\u00a0tours de varios d\u00edas que van desde\u00a0paquetes\u00a0de dos d\u00edas hasta una semana. Le ofrecemos a nuestros clientes los siguientes servicios que van desde econ\u00f3micos hasta nivel VIP:<\/p>\n<ul>\n<li>Todas las categor\u00edas de alojamiento, incluyen hoteles, casas de campo, camas y desayuno, y campamentos.<\/li>\n<li>Transporte por aire, tierra y mar.<\/li>\n<li>Gu\u00edas tur\u00edsticos y educadores con un profundo\u00a0conocimiento\u00a0de los problemas ecol\u00f3gicos en Israel.<\/li>\n<li>Tour personalizados para todas las edades y capacidades, en Ingles, Espa\u00f1ol y Ruso.<\/li>\n<\/ul>\n<p>Para poder ver el itinerario de 8 d\u00edas, haga click <a href=\"http:\/\/www.ecoisraeltours.com\/wp-content\/uploads\/2011\/07\/Eight-Day-Eco-Israel-Tours-Itinerary.pdf\">aqu\u00ed<\/a> o lea mas acerca de nuestro paquete de 11 d\u00edas <a href=\"http:\/\/www.ecoisraeltours.com\/exploring-israel-through-an-ecological-lens\/\">aqui<\/a>. Para personalizar su propio itinerario, vaya <a href=\"http:\/\/www.ecoisraeltours.com\/eco-israel-tours-exploring-israel-in-a-new-way\/\">aqui<\/a>\u00a0para mas informaci\u00f3n acerca de las opciones.<\/p>\n<p>Para conocer los precios por favor contacte a\u00a0<a title=\"Contact Us\" href=\"http:\/\/www.ecoisraeltours.com\/?page_id=24\" target=\"_blank\">Eco Israel Tours<\/a>.<\/p>\n","protected":false},"excerpt":{"rendered":"<p>Eco Israel Tours ofrece\u00a0tours de varios d\u00edas que van desde\u00a0paquetes\u00a0de dos d\u00edas hasta una semana. Le ofrecemos a nuestros clientes los siguientes servicios que van desde econ\u00f3micos hasta nivel VIP: Todas las categor\u00edas de alojamiento, incluyen hoteles, casas de campo,&#8230;<\/p>\n","protected":false},"author":5,"featured_media":0,"parent":0,"menu_order":0,"comment_status":"closed","ping_status":"closed","template":"templates\/fullwidth.php","meta":{"ngg_post_thumbnail":0,"footnotes":""},"class_list":["post-4249","page","type-page","status-publish","hentry"],"aioseo_notices":[],"_links":{"self":[{"href":"https:\/\/www.jewishecoseminars.com\/spanish\/wp-json\/wp\/v2\/pages\/4249","targetHints":{"allow":["GET"]}}],"collection":[{"href":"https:\/\/www.jewishecoseminars.com\/spanish\/wp-json\/wp\/v2\/pages"}],"about":[{"href":"https:\/\/www.jewishecoseminars.com\/spanish\/wp-json\/wp\/v2\/types\/page"}],"author":[{"embeddable":true,"href":"https:\/\/www.jewishecoseminars.com\/spanish\/wp-json\/wp\/v2\/users\/5"}],"replies":[{"embeddable":true,"href":"https:\/\/www.jewishecoseminars.com\/spanish\/wp-json\/wp\/v2\/comments?post=4249"}],"version-history":[{"count":1,"href":"https:\/\/www.jewishecoseminars.com\/spanish\/wp-json\/wp\/v2\/pages\/4249\/revisions"}],"predecessor-version":[{"id":4250,"href":"https:\/\/www.jewishecoseminars.com\/spanish\/wp-json\/wp\/v2\/pages\/4249\/revisions\/4250"}],"wp:attachment":[{"href":"https:\/\/www.jewishecoseminars.com\/spanish\/wp-json\/wp\/v2\/media?parent=4249"}],"curies":[{"name":"wp","href":"https:\/\/api.w.org\/{rel}","templated":true}]}}