{"id":4251,"date":"2016-08-30T11:10:13","date_gmt":"2016-08-30T11:10:13","guid":{"rendered":"http:\/\/www.jewishecoseminars.com\/spanish\/?page_id=4251"},"modified":"2016-08-31T01:15:07","modified_gmt":"2016-08-31T01:15:07","slug":"una-respuesta-judia-al-cambio-climatico","status":"publish","type":"page","link":"https:\/\/www.jewishecoseminars.com\/spanish\/una-respuesta-judia-al-cambio-climatico\/","title":{"rendered":"Una Respuesta Judia al Cambio Climatico"},"content":{"rendered":"<p>Por\u00a0Andrew Deutsch<\/p>\n<p>A finales de diciembre de 2015, un l\u00edder te\u00f3logo, miembro del Parlamento de Israel, el CEO de la compa\u00f1\u00eda solar l\u00edder, entre otros, mostraron su visi\u00f3n en \u00abuna respuesta jud\u00eda al cambio clim\u00e1tico\u00bb. El evento fue organizado y llevado acabo en la sinagoga de Jerusalem Kol HaNeshama.\u00a0Y su Rabino, Levi Weiman-Kelman abri\u00f3 el evento,<\/p>\n<p>David Miron-Wapner, el presidente de la junta del Centro Interreligioso para el Desarrollo Sostenible, y\u00a0Yosef Abramowitz CEO de la compa\u00f1ia Gigawatt Gobal, compartieron sus experiencias como delegados\u00a0israel\u00edes\u00a0en la Conferencia del Clima\u00a0de las Naciones Unidas en Paris (COP21). David hablo acerca de que la urgencia de una\u00a0misi\u00f3n\u00a0es palpable, y todos los\u00a0pa\u00edses\u00a0lograron llegar a un acuerdo, pero los resultados no estuvieron cerca de lo que era realmente necesario.\u00a0En la\u00a0COP21 Al-Gore enfatizo que el cambio\u00a0clim\u00e1tico\u00a0es gran\u00a0desafi\u00f3\u00a0para la humanidad como lo\u00a0fue\u00a0la lucha por derechos de las mujeres, y el fin de la esclavitud. Yosef\u00a0\u00a0menciono que el gobierno de Israel tiene metas poco ambiciosas sobre sustentabilidad. En un\u00a0pa\u00eds\u00a0tan bendecido por el sol, hay una expectativa de alcanzar el 17%\u00a0en\u00a0energ\u00edas\u00a0renovables, hoy en\u00a0d\u00eda\u00a0solo hay un 2%. En\u00a0comparaci\u00f3n\u00a0con\u00a0pa\u00edses\u00a0como Suecia, Portugal, Irlanda y Alemania, con menos sol , pero que ya han\u00a0alcanzado\u00a0porcentajes\u00a0mas altos de\u00a0energ\u00eda\u00a0renovable.<\/p>\n<p>El orador principal\u00a0Rabbi Arthur (Art) Green, Profesor \u00a0del\u00a0Jewish Mysticism &amp; Hasidut, vistando Israel desde la Universidad Hebrea\u00a0de\u00a0Boston, fue el siguiente en hablar. Art estaba muy animado por dos eventos del 2015 &#8211; el acuerdo alcanzado en la COP21 y la publicaci\u00f3n de la enc\u00edclica del Papa Francisco\u00a0&#8216;Laudato Si&#8217;. El Papa presento el cambio clim\u00e1tico como una realidad que debemos enfrentar y que esta conectado con la pobreza y justicia social. El Rabino Green hablo sobre como la humanidad deber\u00e1 hacer cambios dr\u00e1sticos en su modo de vida. La religi\u00f3n puede ayudarnos a resolver los enormes retos clim\u00e1ticos que estamos enfrentando.\u00a0Hablo\u00a0sobre Adan y Eva quienes, como se menciona\u00a0en el Capitulo Dos del g\u00e9nesis, no buscaron controlar la naturaleza o estar por encima de ella, sino ser una parte de la misma.\u00a0Hablo sobre el libro recientemente publicado,\u00a0\u00abKabbalah y Ecologia\u00bb, por el\u00a0Rabbi David Seidenberg, en el que se habla de una teolog\u00eda eco-central basada en una variedad de fuentes Jud\u00edas.<\/p>\n<p>Rachel Azariya, miembro del parlamento Israeli,\u00a0perteneciente a la delegaci\u00f3n oficial del gobierno en la COP21 en Par\u00eds, hablo sobre sus experiencias, el sentido de urgencia y la necesidad de reparar el mundo. MP Azariya dijo que necesitamos devolver la esperanza y la posibilidad de reparar, en Israel, incluso asumiendo la responsabilidad de como vivimos basada en generar conciencia en como todo esto afectara a las pr\u00f3ximas siete generaciones.<\/p>\n<p>Rabbi Yonatan Neril, Director Ejecutivo del Centro Interreligioso por el Desarrollo Sustentable, hablo sobre como\u00a0el rol de las instituciones religiosos y sus\u00a0ense\u00f1anzas son una v\u00eda clave para cambiar la visi\u00f3n del mundo de miles de\u00a0millones de personas para pasar\u00a0de un excesivo consumo de bienes materiales a una visi\u00f3n sustentable del mundo que ha servido a la humanidad durante cientos de a\u00f1os basada en la comunidad, la familia y placeres espirituales.<\/p>\n<p>El trabajo del Centro Interreligioso por el Desarrollo Sustentable en conjunto con lideres\u00a0Jud\u00edos\u00a0para manifestarse sobre el cambio\u00a0clim\u00e1tico\u00a0en Jerusalem ha sido\u00a0fundado\u00a0generosamente por donantes en la Ciudad de\u00a0M\u00e9xico.<\/p>\n","protected":false},"excerpt":{"rendered":"<p>Por\u00a0Andrew Deutsch A finales de diciembre de 2015, un l\u00edder te\u00f3logo, miembro del Parlamento de Israel, el CEO de la compa\u00f1\u00eda solar l\u00edder, entre otros, mostraron su visi\u00f3n en \u00abuna respuesta jud\u00eda al cambio clim\u00e1tico\u00bb. El evento fue organizado y&#8230;<\/p>\n","protected":false},"author":5,"featured_media":0,"parent":0,"menu_order":0,"comment_status":"closed","ping_status":"closed","template":"templates\/fullwidth.php","meta":{"ngg_post_thumbnail":0,"footnotes":""},"class_list":["post-4251","page","type-page","status-publish","hentry"],"aioseo_notices":[],"_links":{"self":[{"href":"https:\/\/www.jewishecoseminars.com\/spanish\/wp-json\/wp\/v2\/pages\/4251","targetHints":{"allow":["GET"]}}],"collection":[{"href":"https:\/\/www.jewishecoseminars.com\/spanish\/wp-json\/wp\/v2\/pages"}],"about":[{"href":"https:\/\/www.jewishecoseminars.com\/spanish\/wp-json\/wp\/v2\/types\/page"}],"author":[{"embeddable":true,"href":"https:\/\/www.jewishecoseminars.com\/spanish\/wp-json\/wp\/v2\/users\/5"}],"replies":[{"embeddable":true,"href":"https:\/\/www.jewishecoseminars.com\/spanish\/wp-json\/wp\/v2\/comments?post=4251"}],"version-history":[{"count":1,"href":"https:\/\/www.jewishecoseminars.com\/spanish\/wp-json\/wp\/v2\/pages\/4251\/revisions"}],"predecessor-version":[{"id":4252,"href":"https:\/\/www.jewishecoseminars.com\/spanish\/wp-json\/wp\/v2\/pages\/4251\/revisions\/4252"}],"wp:attachment":[{"href":"https:\/\/www.jewishecoseminars.com\/spanish\/wp-json\/wp\/v2\/media?parent=4251"}],"curies":[{"name":"wp","href":"https:\/\/api.w.org\/{rel}","templated":true}]}}