{"id":892,"date":"2012-10-20T09:37:29","date_gmt":"2012-10-20T09:37:29","guid":{"rendered":"http:\/\/www.jewishecoseminars.com\/spanish\/?page_id=892"},"modified":"2025-01-27T12:02:52","modified_gmt":"2025-01-27T12:02:52","slug":"acerca-de-la-organizacion","status":"publish","type":"page","link":"https:\/\/www.jewishecoseminars.com\/spanish\/acerca-de-la-organizacion\/","title":{"rendered":"Acerca de la Organizaci\u00f3n"},"content":{"rendered":"<p style=\"text-align: justify;\"><a href=\"http:\/\/www.jewishecoseminars.com\/spanish\/wp-content\/uploads\/2012\/11\/IMG_0883_3-717x1024.jpg\" rel=\"attachment wp-att-3947\"><img decoding=\"async\" class=\"alignright wp-image-3947\" src=\"http:\/\/www.jewishecoseminars.com\/spanish\/wp-content\/uploads\/2012\/11\/IMG_0883_3-717x1024-210x300.jpg\" alt=\"IMG_0883_3-717x1024\" width=\"223\" height=\"319\" srcset=\"https:\/\/www.jewishecoseminars.com\/spanish\/wp-content\/uploads\/2012\/11\/IMG_0883_3-717x1024-210x300.jpg 210w, https:\/\/www.jewishecoseminars.com\/spanish\/wp-content\/uploads\/2012\/11\/IMG_0883_3-717x1024.jpg 717w, https:\/\/www.jewishecoseminars.com\/spanish\/wp-content\/uploads\/2012\/11\/IMG_0883_3-717x1024-63x90.jpg 63w\" sizes=\"(max-width: 223px) 100vw, 223px\" \/><\/a><span style=\"color: #000000;\">Seminarios Eco Jud\u00edos surgi\u00f3 en el a\u00f1o 2008, de un exitoso proyecto piloto que constaba de ocho seminarios para 140 educadores jud\u00edos en la Area de la Bah\u00eda de San Francisco, implementado por Canfei Nesharim<\/span><span style=\"color: #000000;\"> y el Bureau of Jewish Education (Departamento de Educaci\u00f3n Jud\u00eda). La organizaci\u00f3n se puso en marcha en el 2010, a trav\u00e9s del PresenTense Institute, patrocinado por The Jim Joseph Foundation.<\/span><\/p>\n<p style=\"text-align: justify;\"><span style=\"color: #000000;\"><span style=\"color: #000000;\">Su visi\u00f3n es implementada por un equipo global de personal y voluntarios, dirigidos por el fundador y director ejecutivo Rabbi Yonatan Neril. Desde su fundaci\u00f3n, Seminarios Eco Jud\u00edos ha alcanzado una creciente lista de instituciones en Israel y los Estados Unidos.<\/span><\/span><\/p>\n<p style=\"text-align: justify; color: #000000;\">Seminarios Eco Jud\u00edos ofrece a los visitantes a Israel la oportunidad de salir de la t\u00edpica ruta tur\u00edstica y experimentar un parte de Israel rara vez vista por visitantes y estudiantes. Nosotros lo exponemos directamente con la naturaleza y belleza de Israel as\u00ed como con el estilo y ritmo de su cultura de innovaci\u00f3n.<\/p>\n<p style=\"clear: both; text-align: center; color: #292929;\"><strong>Mapa de los tours en Israel:<\/strong><\/p>\n<p><a href=\"http:\/\/www.jewishecoseminars.com\/spanish\/wp-content\/uploads\/2011\/05\/web_jewisecoseminars_map.gif\"><img decoding=\"async\" class=\"aligncenter wp-image-1499\" title=\"web_jewisecoseminars_map\" src=\"http:\/\/www.jewishecoseminars.com\/spanish\/wp-content\/uploads\/2011\/05\/web_jewisecoseminars_map.gif\" alt=\"\" width=\"827\" height=\"1169\"><\/a><\/p>\n<p style=\"text-align: justify;\">A pesar de sus desaf\u00edos, Israel es un l\u00edder global en la soluci\u00f3n de problemas ambientales. Seminarios Eco Jud\u00edos provee una experiencia interactiva y din\u00e1mica de este apasionante mundo dentro de Israel mediante la exploraci\u00f3n de desaf\u00edos contempor\u00e1neos y soluciones tales como el agua y la energ\u00eda. Ofrecemos una amplia gama de paquetes de tours ecol\u00f3gicos a lo largo de Israel con tres tipos principales de programas:<\/p>\n<ul style=\"text-align: justify;\">\n<li>Espacios naturales<\/li>\n<li>Espacios de Innovaci\u00f3n Ecol\u00f3gica<\/li>\n<li>Eco voluntariado<\/li>\n<\/ul>\n<p style=\"margin-bottom: 5px; margin-top: 10px; text-align: justify;\">Proveemos a nuestros clientes con los siguientes servicios para tours de diversos presupuestos desde los m\u00e1s econ\u00f3micos hasta VIP:<\/p>\n<ul style=\"text-align: justify;\">\n<li>todas las categor\u00edas de alojamiento, incluyendo hoteles, casa de hu\u00e9spedes campestres, bed and breakfasts, y campamentos.<\/li>\n<li>Transporte por aire, tierra, y mar.<\/li>\n<li>Tours regulares o personalizados<\/li>\n<\/ul>\n<p style=\"text-align: justify;\">Para mayor informaci\u00f3n o para inscribirse en un tour llene nuestra forma en Internet <a href=\"http:\/\/www.jewishecoseminars.com\/spanish\/es\/contacto\/\">aqu\u00ed.<\/a><\/p>\n<p style=\"text-align: justify;\">Un l\u00edder te\u00f3logo, miembro del Parlamento de Israel, el CEO de la compa\u00f1\u00eda solar l\u00edder, entre otros, mostraron su visi\u00f3n en \u00ab<a href=\"http:\/\/www.jewishecoseminars.com\/spanish\/una-respuesta-judia-al-cambio-climatico\/\">una respuesta jud\u00eda al cambio clim\u00e1tico\u00bb.<\/a><\/p>\n<p style=\"text-align: justify;\"><em><span style=\"font-size: 14px;\">Jewish Eco Seminars es una rama del <a title=\"The Interfaith Center for Sustainable Development\" href=\"http:\/\/www.interfaithsustain.com\" target=\"_blank\" rel=\"noopener noreferrer\">Centro Interreligioso para el Desarrollo Sustentable<\/a>.<\/span><\/em><\/p>\n<p><a href=\"http:\/\/www.jewishecoseminars.com\/spanish\/wp-content\/uploads\/2011\/04\/get-attachment.aspx_.jpg\"><img decoding=\"async\" class=\"alignright size-large wp-image-969\" title=\"IMG_0913_2\" src=\"http:\/\/www.jewishecoseminars.com\/spanish\/wp-content\/uploads\/2011\/04\/get-attachment.aspx_.jpg\" alt=\"\" width=\"322\" height=\"165\"><\/a><\/p>\n","protected":false},"excerpt":{"rendered":"<p>Seminarios Eco Jud\u00edos surgi\u00f3 en el a\u00f1o 2008, de un exitoso proyecto piloto que constaba de ocho seminarios para 140 educadores jud\u00edos en la Area de la Bah\u00eda de San Francisco, implementado por Canfei Nesharim y el Bureau of Jewish&#8230;<\/p>\n","protected":false},"author":5,"featured_media":0,"parent":0,"menu_order":0,"comment_status":"closed","ping_status":"open","template":"templates\/fullwidth.php","meta":{"ngg_post_thumbnail":0,"footnotes":""},"class_list":["post-892","page","type-page","status-publish","hentry"],"aioseo_notices":[],"_links":{"self":[{"href":"https:\/\/www.jewishecoseminars.com\/spanish\/wp-json\/wp\/v2\/pages\/892","targetHints":{"allow":["GET"]}}],"collection":[{"href":"https:\/\/www.jewishecoseminars.com\/spanish\/wp-json\/wp\/v2\/pages"}],"about":[{"href":"https:\/\/www.jewishecoseminars.com\/spanish\/wp-json\/wp\/v2\/types\/page"}],"author":[{"embeddable":true,"href":"https:\/\/www.jewishecoseminars.com\/spanish\/wp-json\/wp\/v2\/users\/5"}],"replies":[{"embeddable":true,"href":"https:\/\/www.jewishecoseminars.com\/spanish\/wp-json\/wp\/v2\/comments?post=892"}],"version-history":[{"count":47,"href":"https:\/\/www.jewishecoseminars.com\/spanish\/wp-json\/wp\/v2\/pages\/892\/revisions"}],"predecessor-version":[{"id":4574,"href":"https:\/\/www.jewishecoseminars.com\/spanish\/wp-json\/wp\/v2\/pages\/892\/revisions\/4574"}],"wp:attachment":[{"href":"https:\/\/www.jewishecoseminars.com\/spanish\/wp-json\/wp\/v2\/media?parent=892"}],"curies":[{"name":"wp","href":"https:\/\/api.w.org\/{rel}","templated":true}]}}